{"id":22941,"date":"2019-01-21T13:14:28","date_gmt":"2019-01-21T13:14:28","guid":{"rendered":"https:\/\/www.griferiasmaier.com\/colecciones\/accessories\/"},"modified":"2025-06-13T12:00:01","modified_gmt":"2025-06-13T12:00:01","slug":"04_accessories","status":"publish","type":"page","link":"https:\/\/www.griferiasmaier.com\/en\/collections\/04_accessories\/","title":{"rendered":"ACCESSORIES"},"content":{"rendered":"<section class=\"wpb-content-wrapper\"><section data-vc-full-width=\"true\" data-vc-full-width-init=\"false\" data-vc-stretch-content=\"true\" class=\"vc_row wpb_row vc_row-fluid  vc_custom_1547478899945 pofo-stretch-content vc_row-no-padding pofo-row-responsive-69f39cddee729\"><div class=\"wpb_column vc_column_container vc_col-sm-12  col-xs-mobile-fullwidth pofo-column-responsive-69f39cddee859\"><div class=\"vc_column-inner vc_custom_1507625388744\"><div class=\"wpb_wrapper\"><ul class=\"portfolio-grid hover-option1 work-4col gutter-medium portfolio-style-1 pofo-portfolio-layout-1\" data-uniqueid=\"pofo-portfolio-layout-1\"><li class=\"grid-sizer\"><\/li><li class=\"grid-item portfolio-filter-97-pofo-portfolio-layout-1  wow fadeInUp\"><div class=\"pofo-rich-snippet display-none post-23667 portfolio type-portfolio status-publish format-standard has-post-thumbnail hentry portfolio-category-04_accessories-en\"><div class=\"pofo-rich-snippet display-none\"><span class=\"entry-title\">MINI STAR<\/span><span class=\"author vcard\"><a class=\"url fn n\" href=\"https:\/\/www.griferiasmaier.com\/en\/author\/moon\/\">Admin<\/a><\/span><span class=\"published\">7 January, 2023<\/span><time class=\"updated\" datetime=\"2025-03-05T16:20:03+00:00\">5 March, 2025<\/time><\/div><\/div><a href=\"https:\/\/www.griferiasmaier.com\/en\/collection\/mini-star-accessories\/\" target=\"_self\"><figure><div class=\"portfolio-img bg-deep-pink pofo-portfolio-page-background\"><img loading=\"lazy\" decoding=\"async\" class=\"skip-lazy\" src=\"https:\/\/www.griferiasmaier.com\/wp-content\/uploads\/2023\/01\/griferias_maier_26_Acc_Mini_Star_f.jpg\" width=\"800\" height=\"650\" alt=\"\" srcset=\"https:\/\/www.griferiasmaier.com\/wp-content\/uploads\/2023\/01\/griferias_maier_26_Acc_Mini_Star_f.jpg 800w, https:\/\/www.griferiasmaier.com\/wp-content\/uploads\/2023\/01\/griferias_maier_26_Acc_Mini_Star_f-300x244.jpg 300w, https:\/\/www.griferiasmaier.com\/wp-content\/uploads\/2023\/01\/griferias_maier_26_Acc_Mini_Star_f-768x624.jpg 768w, https:\/\/www.griferiasmaier.com\/wp-content\/uploads\/2023\/01\/griferias_maier_26_Acc_Mini_Star_f-120x98.jpg 120w, https:\/\/www.griferiasmaier.com\/wp-content\/uploads\/2023\/01\/griferias_maier_26_Acc_Mini_Star_f-81x66.jpg 81w\" sizes=\"auto, (max-width: 800px) 100vw, 800px\"><\/div><figcaption><div class=\"text-center portfolio-hover-main\"><div class=\"vertical-align-middle portfolio-hover-box\"><div class=\"portfolio-hover-content position-relative\"><div class=\"bg-black margin-six-bottom separator-line-horrizontal-medium-light2 display-inline-block\"><\/div><span class=\"text-white line-height-normal alt-font margin-one-half-bottom display-block font-weight-600 text-uppercase\" style=\"color: #000000;\">MINI STAR<\/span><p class=\"text-white text-extra-small no-margin-bottom text-uppercase\" style=\"color: #000000;\">SINGLE PROJECT<\/p><\/div><\/div><\/div><\/figcaption><\/figure><\/a><\/li><li class=\"grid-item portfolio-filter-97-pofo-portfolio-layout-1  wow fadeInUp\" data-wow-delay=\"100ms\"><div class=\"pofo-rich-snippet display-none post-22895 portfolio type-portfolio status-publish format-standard has-post-thumbnail hentry portfolio-category-04_accessories-en\"><div class=\"pofo-rich-snippet display-none\"><span class=\"entry-title\">IKON<\/span><span class=\"author vcard\"><a class=\"url fn n\" href=\"https:\/\/www.griferiasmaier.com\/en\/author\/moon\/\">Admin<\/a><\/span><span class=\"published\">6 January, 2023<\/span><time class=\"updated\" datetime=\"2025-03-05T13:25:51+00:00\">5 March, 2025<\/time><\/div><\/div><a href=\"https:\/\/www.griferiasmaier.com\/en\/collection\/ikon-2\/\" target=\"_self\"><figure><div class=\"portfolio-img bg-deep-pink pofo-portfolio-page-background\"><img loading=\"lazy\" decoding=\"async\" class=\"skip-lazy\" src=\"https:\/\/www.griferiasmaier.com\/wp-content\/uploads\/2019\/01\/feat_griferiasmaier_23_acc_ikon_02.jpg\" width=\"800\" height=\"650\" alt=\"\" srcset=\"https:\/\/www.griferiasmaier.com\/wp-content\/uploads\/2019\/01\/feat_griferiasmaier_23_acc_ikon_02.jpg 800w, https:\/\/www.griferiasmaier.com\/wp-content\/uploads\/2019\/01\/feat_griferiasmaier_23_acc_ikon_02-300x244.jpg 300w, https:\/\/www.griferiasmaier.com\/wp-content\/uploads\/2019\/01\/feat_griferiasmaier_23_acc_ikon_02-768x624.jpg 768w, https:\/\/www.griferiasmaier.com\/wp-content\/uploads\/2019\/01\/feat_griferiasmaier_23_acc_ikon_02-81x66.jpg 81w\" sizes=\"auto, (max-width: 800px) 100vw, 800px\"><\/div><figcaption><div class=\"text-center portfolio-hover-main\"><div class=\"vertical-align-middle portfolio-hover-box\"><div class=\"portfolio-hover-content position-relative\"><div class=\"bg-black margin-six-bottom separator-line-horrizontal-medium-light2 display-inline-block\"><\/div><span class=\"text-white line-height-normal alt-font margin-one-half-bottom display-block font-weight-600 text-uppercase\" style=\"color: #000000;\">IKON<\/span><p class=\"text-white text-extra-small no-margin-bottom text-uppercase\" style=\"color: #000000;\">SINGLE PROJECT<\/p><\/div><\/div><\/div><\/figcaption><\/figure><\/a><\/li><li class=\"grid-item portfolio-filter-97-pofo-portfolio-layout-1  wow fadeInUp\" data-wow-delay=\"200ms\"><div class=\"pofo-rich-snippet display-none post-22935 portfolio type-portfolio status-publish format-standard has-post-thumbnail hentry portfolio-category-04_accessories-en\"><div class=\"pofo-rich-snippet display-none\"><span class=\"entry-title\">MUSE DIAMOND<\/span><span class=\"author vcard\"><a class=\"url fn n\" href=\"https:\/\/www.griferiasmaier.com\/en\/author\/moon\/\">Admin<\/a><\/span><span class=\"published\">5 January, 2023<\/span><time class=\"updated\" datetime=\"2025-03-05T17:01:04+00:00\">5 March, 2025<\/time><\/div><\/div><a href=\"https:\/\/www.griferiasmaier.com\/en\/collection\/muse-diamond-accessories\/\" target=\"_self\"><figure><div class=\"portfolio-img bg-deep-pink pofo-portfolio-page-background\"><img loading=\"lazy\" decoding=\"async\" class=\"skip-lazy\" src=\"https:\/\/www.griferiasmaier.com\/wp-content\/uploads\/2019\/01\/griferiasmaier_12_acc_muse_muse_diamond_featured-1.jpg\" width=\"800\" height=\"650\" alt=\"\" srcset=\"https:\/\/www.griferiasmaier.com\/wp-content\/uploads\/2019\/01\/griferiasmaier_12_acc_muse_muse_diamond_featured-1.jpg 800w, https:\/\/www.griferiasmaier.com\/wp-content\/uploads\/2019\/01\/griferiasmaier_12_acc_muse_muse_diamond_featured-1-300x244.jpg 300w, https:\/\/www.griferiasmaier.com\/wp-content\/uploads\/2019\/01\/griferiasmaier_12_acc_muse_muse_diamond_featured-1-768x624.jpg 768w, https:\/\/www.griferiasmaier.com\/wp-content\/uploads\/2019\/01\/griferiasmaier_12_acc_muse_muse_diamond_featured-1-120x98.jpg 120w, https:\/\/www.griferiasmaier.com\/wp-content\/uploads\/2019\/01\/griferiasmaier_12_acc_muse_muse_diamond_featured-1-81x66.jpg 81w\" sizes=\"auto, (max-width: 800px) 100vw, 800px\"><\/div><figcaption><div class=\"text-center portfolio-hover-main\"><div class=\"vertical-align-middle portfolio-hover-box\"><div class=\"portfolio-hover-content position-relative\"><div class=\"bg-black margin-six-bottom separator-line-horrizontal-medium-light2 display-inline-block\"><\/div><span class=\"text-white line-height-normal alt-font margin-one-half-bottom display-block font-weight-600 text-uppercase\" style=\"color: #000000;\">MUSE DIAMOND<\/span><p class=\"text-white text-extra-small no-margin-bottom text-uppercase\" style=\"color: #000000;\">SINGLE PROJECT<\/p><\/div><\/div><\/div><\/figcaption><\/figure><\/a><\/li><li class=\"grid-item portfolio-filter-97-pofo-portfolio-layout-1  wow fadeInUp\" data-wow-delay=\"300ms\"><div class=\"pofo-rich-snippet display-none post-22879 portfolio type-portfolio status-publish format-standard has-post-thumbnail hentry portfolio-category-04_accessories-en\"><div class=\"pofo-rich-snippet display-none\"><span class=\"entry-title\">ARTIK ROUND<\/span><span class=\"author vcard\"><a class=\"url fn n\" href=\"https:\/\/www.griferiasmaier.com\/en\/author\/moon\/\">Admin<\/a><\/span><span class=\"published\">4 January, 2023<\/span><time class=\"updated\" datetime=\"2025-03-05T12:23:14+00:00\">5 March, 2025<\/time><\/div><\/div><a href=\"https:\/\/www.griferiasmaier.com\/en\/collection\/artik-round\/\" target=\"_self\"><figure><div class=\"portfolio-img bg-deep-pink pofo-portfolio-page-background\"><img loading=\"lazy\" decoding=\"async\" class=\"skip-lazy\" src=\"https:\/\/www.griferiasmaier.com\/wp-content\/uploads\/2019\/01\/feat_griferiasmaier_20_acc_artik_round_01.jpg\" width=\"800\" height=\"650\" alt=\"\" srcset=\"https:\/\/www.griferiasmaier.com\/wp-content\/uploads\/2019\/01\/feat_griferiasmaier_20_acc_artik_round_01.jpg 800w, https:\/\/www.griferiasmaier.com\/wp-content\/uploads\/2019\/01\/feat_griferiasmaier_20_acc_artik_round_01-300x244.jpg 300w, https:\/\/www.griferiasmaier.com\/wp-content\/uploads\/2019\/01\/feat_griferiasmaier_20_acc_artik_round_01-768x624.jpg 768w, https:\/\/www.griferiasmaier.com\/wp-content\/uploads\/2019\/01\/feat_griferiasmaier_20_acc_artik_round_01-81x66.jpg 81w\" sizes=\"auto, (max-width: 800px) 100vw, 800px\"><\/div><figcaption><div class=\"text-center portfolio-hover-main\"><div class=\"vertical-align-middle portfolio-hover-box\"><div class=\"portfolio-hover-content position-relative\"><div class=\"bg-black margin-six-bottom separator-line-horrizontal-medium-light2 display-inline-block\"><\/div><span class=\"text-white line-height-normal alt-font margin-one-half-bottom display-block font-weight-600 text-uppercase\" style=\"color: #000000;\">ARTIK ROUND<\/span><p class=\"text-white text-extra-small no-margin-bottom text-uppercase\" style=\"color: #000000;\">SINGLE PROJECT<\/p><\/div><\/div><\/div><\/figcaption><\/figure><\/a><\/li><li class=\"grid-item portfolio-filter-97-pofo-portfolio-layout-1  wow fadeInUp\" data-wow-delay=\"400ms\"><div class=\"pofo-rich-snippet display-none post-23687 portfolio type-portfolio status-publish format-standard has-post-thumbnail hentry portfolio-category-04_accessories-en\"><div class=\"pofo-rich-snippet display-none\"><span class=\"entry-title\">KUADRAT<\/span><span class=\"author vcard\"><a class=\"url fn n\" href=\"https:\/\/www.griferiasmaier.com\/en\/author\/moon\/\">Admin<\/a><\/span><span class=\"published\">3 January, 2023<\/span><time class=\"updated\" datetime=\"2025-03-05T15:10:03+00:00\">5 March, 2025<\/time><\/div><\/div><a href=\"https:\/\/www.griferiasmaier.com\/en\/collection\/kuadrat_accessories\/\" target=\"_self\"><figure><div class=\"portfolio-img bg-deep-pink pofo-portfolio-page-background\"><img loading=\"lazy\" decoding=\"async\" class=\"skip-lazy\" src=\"https:\/\/www.griferiasmaier.com\/wp-content\/uploads\/2023\/01\/griferias_maier_accesories_27_kuadrat_f.jpg\" width=\"800\" height=\"650\" alt=\"\" srcset=\"https:\/\/www.griferiasmaier.com\/wp-content\/uploads\/2023\/01\/griferias_maier_accesories_27_kuadrat_f.jpg 800w, https:\/\/www.griferiasmaier.com\/wp-content\/uploads\/2023\/01\/griferias_maier_accesories_27_kuadrat_f-300x244.jpg 300w, https:\/\/www.griferiasmaier.com\/wp-content\/uploads\/2023\/01\/griferias_maier_accesories_27_kuadrat_f-768x624.jpg 768w, https:\/\/www.griferiasmaier.com\/wp-content\/uploads\/2023\/01\/griferias_maier_accesories_27_kuadrat_f-120x98.jpg 120w, https:\/\/www.griferiasmaier.com\/wp-content\/uploads\/2023\/01\/griferias_maier_accesories_27_kuadrat_f-81x66.jpg 81w\" sizes=\"auto, (max-width: 800px) 100vw, 800px\"><\/div><figcaption><div class=\"text-center portfolio-hover-main\"><div class=\"vertical-align-middle portfolio-hover-box\"><div class=\"portfolio-hover-content position-relative\"><div class=\"bg-black margin-six-bottom separator-line-horrizontal-medium-light2 display-inline-block\"><\/div><span class=\"text-white line-height-normal alt-font margin-one-half-bottom display-block font-weight-600 text-uppercase\" style=\"color: #000000;\">KUADRAT<\/span><p class=\"text-white text-extra-small no-margin-bottom text-uppercase\" style=\"color: #000000;\">SINGLE PROJECT<\/p><\/div><\/div><\/div><\/figcaption><\/figure><\/a><\/li><li class=\"grid-item portfolio-filter-97-pofo-portfolio-layout-1  wow fadeInUp\" data-wow-delay=\"500ms\"><div class=\"pofo-rich-snippet display-none post-22929 portfolio type-portfolio status-publish format-standard has-post-thumbnail hentry portfolio-category-04_accessories-en\"><div class=\"pofo-rich-snippet display-none\"><span class=\"entry-title\">SKIP DIAMOND<\/span><span class=\"author vcard\"><a class=\"url fn n\" href=\"https:\/\/www.griferiasmaier.com\/en\/author\/moon\/\">Admin<\/a><\/span><span class=\"published\">2 January, 2023<\/span><time class=\"updated\" datetime=\"2025-03-05T17:17:45+00:00\">5 March, 2025<\/time><\/div><\/div><a href=\"https:\/\/www.griferiasmaier.com\/en\/collection\/skip-diamond-accessories\/\" target=\"_self\"><figure><div class=\"portfolio-img bg-deep-pink pofo-portfolio-page-background\"><img loading=\"lazy\" decoding=\"async\" class=\"skip-lazy\" src=\"https:\/\/www.griferiasmaier.com\/wp-content\/uploads\/2019\/01\/feat_griferiasmaier_14_acc_skip_skip_diamond_05.jpg\" width=\"800\" height=\"650\" alt=\"\" srcset=\"https:\/\/www.griferiasmaier.com\/wp-content\/uploads\/2019\/01\/feat_griferiasmaier_14_acc_skip_skip_diamond_05.jpg 800w, https:\/\/www.griferiasmaier.com\/wp-content\/uploads\/2019\/01\/feat_griferiasmaier_14_acc_skip_skip_diamond_05-300x244.jpg 300w, https:\/\/www.griferiasmaier.com\/wp-content\/uploads\/2019\/01\/feat_griferiasmaier_14_acc_skip_skip_diamond_05-768x624.jpg 768w, https:\/\/www.griferiasmaier.com\/wp-content\/uploads\/2019\/01\/feat_griferiasmaier_14_acc_skip_skip_diamond_05-81x66.jpg 81w\" sizes=\"auto, (max-width: 800px) 100vw, 800px\"><\/div><figcaption><div class=\"text-center portfolio-hover-main\"><div class=\"vertical-align-middle portfolio-hover-box\"><div class=\"portfolio-hover-content position-relative\"><div class=\"bg-black margin-six-bottom separator-line-horrizontal-medium-light2 display-inline-block\"><\/div><span class=\"text-white line-height-normal alt-font margin-one-half-bottom display-block font-weight-600 text-uppercase\" style=\"color: #000000;\">SKIP DIAMOND<\/span><p class=\"text-white text-extra-small no-margin-bottom text-uppercase\" style=\"color: #000000;\">SINGLE PROJECT<\/p><\/div><\/div><\/div><\/figcaption><\/figure><\/a><\/li><\/ul><\/div><\/div><\/div><\/section><div class=\"vc_row-full-width vc_clearfix\"><\/div><section class=\"vc_row wpb_row vc_row-fluid\"><div class=\"wpb_column vc_column_container vc_col-sm-12  col-xs-mobile-fullwidth\"><div class=\"vc_column-inner \"><div class=\"wpb_wrapper\"><\/div><\/div><\/div><\/section>\n<\/section>","protected":false},"excerpt":{"rendered":"Maier \u2022 AccessoriesSkip DiamondThe geometric glint. [vc_empty_space][vc_empty_space height=\"16px\"][vc_btn title=\"Download catalogue\" color=\"inverse\" i_icon_fontawesome=\"fas fa-file-pdf\" add_icon=\"true\" link=\"url:https%3A%2F%2Fgriferiasmaier.com%2FDownload%2Fpdfs%2F14.-Skip-Diamond-Accessories.pdf|target:_blank\"][vc_empty_space][vc_single_image image=\"22432\" img_size=\"24x24\" css=\".vc_custom_1547552408230{margin-top: 0px !important;margin-right: 0px !important;margin-bottom: 10px !important;margin-left: 0px !important;padding-top: 0px !important;padding-right: 0px !important;padding-bottom: 0px !important;padding-left: 0px !important;}\" el_class=\"float-left\"]CR Cromo \/ Chrome \/ Chrome \/ Chrom \/ X\u0440\u043e\u043c [vc_single_image image=\"22435\" img_size=\"24x24\" css=\".vc_custom_1547552652101{margin-top: 0px !important;margin-right: 0px !important;margin-bottom: 10px !important;margin-left: 0px !important;padding-top: 0px !important;padding-right: 0px !important;padding-bottom: 0px !important;padding-left: 0px !important;}\" el_class=\"float-left\"]O Oro \/ Gold \/ Or \/ Gold \/ \u0417\u043e\u043b\u043e\u0442\u043e [vc_single_image image=\"22437\" img_size=\"24x24\" css=\".vc_custom_1678900762946{margin-top: 0px !important;margin-right: 0px !important;margin-bottom: 10px !important;margin-left: 0px !important;padding-top: 0px !important;padding-right: 0px !important;padding-bottom: 0px !important;padding-left: 0px !important;}\" el_class=\"float-left\"]OR Oro Rosa \/ Rose Gold [vc_single_image image=\"22436\" img_size=\"24x24\" css=\".vc_custom_1547552674190{margin-top: 0px !important;margin-right: 0px !important;margin-bottom: 10px !important;margin-left: 0px !important;padding-top: 0px !important;padding-right: 0px !important;padding-bottom: 0px !important;padding-left: 0px !important;}\" el_class=\"float-left\"]OC\u00a0Oro Cepillado \/\u00a0Brushed Gold","protected":false},"author":2,"featured_media":0,"parent":22939,"menu_order":0,"comment_status":"closed","ping_status":"closed","template":"","meta":{"_joinchat":[],"footnotes":""},"class_list":["post-22941","page","type-page","status-publish","hentry"],"yoast_head":"<!-- This site is optimized with the Yoast SEO plugin v25.9 - https:\/\/yoast.com\/wordpress\/plugins\/seo\/ -->\n<title>ACCESSORIES - Griferias Maier<\/title>\n<meta name=\"description\" content=\"Accesorios para ba\u00f1os Maier, \u00faltimas novedades, toalleros, portarrollos, perchas, dispensadores, espejos, portaescobillas, cubos de ba\u00f1o\" \/>\n<meta name=\"robots\" content=\"index, follow, max-snippet:-1, max-image-preview:large, max-video-preview:-1\" \/>\n<link rel=\"canonical\" href=\"https:\/\/www.griferiasmaier.com\/en\/collections\/04_accessories\/\" \/>\n<meta property=\"og:locale\" content=\"en_US\" \/>\n<meta property=\"og:type\" content=\"article\" \/>\n<meta property=\"og:title\" content=\"ACCESSORIES - Griferias Maier\" \/>\n<meta property=\"og:description\" content=\"Accesorios para ba\u00f1os Maier, \u00faltimas novedades, toalleros, portarrollos, perchas, dispensadores, espejos, portaescobillas, cubos de ba\u00f1o\" \/>\n<meta property=\"og:url\" content=\"https:\/\/www.griferiasmaier.com\/en\/collections\/04_accessories\/\" \/>\n<meta property=\"og:site_name\" content=\"Griferias Maier\" \/>\n<meta property=\"article:publisher\" content=\"https:\/\/www.facebook.com\/MaierGriferias\/\" \/>\n<meta property=\"article:modified_time\" content=\"2025-06-13T12:00:01+00:00\" \/>\n<meta property=\"og:image\" content=\"https:\/\/www.griferiasmaier.com\/wp-content\/uploads\/2023\/02\/griferiasmaier-website-1.jpg\" \/>\n\t<meta property=\"og:image:width\" content=\"1200\" \/>\n\t<meta property=\"og:image:height\" content=\"675\" \/>\n\t<meta property=\"og:image:type\" content=\"image\/jpeg\" \/>\n<meta name=\"twitter:card\" content=\"summary_large_image\" \/>\n<meta name=\"twitter:site\" content=\"@MaierGriferias\" \/>\n<meta name=\"twitter:label1\" content=\"Est. reading time\" \/>\n\t<meta name=\"twitter:data1\" content=\"1 minute\" \/>\n<script type=\"application\/ld+json\" class=\"yoast-schema-graph\">{\"@context\":\"https:\/\/schema.org\",\"@graph\":[{\"@type\":\"WebPage\",\"@id\":\"https:\/\/www.griferiasmaier.com\/en\/collections\/04_accessories\/\",\"url\":\"https:\/\/www.griferiasmaier.com\/en\/collections\/04_accessories\/\",\"name\":\"ACCESSORIES - Griferias Maier\",\"isPartOf\":{\"@id\":\"https:\/\/www.griferiasmaier.com\/en\/#website\"},\"datePublished\":\"2019-01-21T13:14:28+00:00\",\"dateModified\":\"2025-06-13T12:00:01+00:00\",\"description\":\"Accesorios para ba\u00f1os Maier, \u00faltimas novedades, toalleros, portarrollos, perchas, dispensadores, espejos, portaescobillas, cubos de ba\u00f1o\",\"breadcrumb\":{\"@id\":\"https:\/\/www.griferiasmaier.com\/en\/collections\/04_accessories\/#breadcrumb\"},\"inLanguage\":\"en-US\",\"potentialAction\":[{\"@type\":\"ReadAction\",\"target\":[\"https:\/\/www.griferiasmaier.com\/en\/collections\/04_accessories\/\"]}]},{\"@type\":\"BreadcrumbList\",\"@id\":\"https:\/\/www.griferiasmaier.com\/en\/collections\/04_accessories\/#breadcrumb\",\"itemListElement\":[{\"@type\":\"ListItem\",\"position\":1,\"name\":\"Portada\",\"item\":\"https:\/\/www.griferiasmaier.com\/en\/\"},{\"@type\":\"ListItem\",\"position\":2,\"name\":\"Collections\",\"item\":\"https:\/\/www.griferiasmaier.com\/en\/collections\/\"},{\"@type\":\"ListItem\",\"position\":3,\"name\":\"ACCESSORIES\"}]},{\"@type\":\"WebSite\",\"@id\":\"https:\/\/www.griferiasmaier.com\/en\/#website\",\"url\":\"https:\/\/www.griferiasmaier.com\/en\/\",\"name\":\"Griferias Maier\",\"description\":\"Fabricaci\u00f3n de grifer\u00eda sanitaria, cocina y accesorios de ba\u00f1o de calidad. Premium bathroom designs\",\"publisher\":{\"@id\":\"https:\/\/www.griferiasmaier.com\/en\/#organization\"},\"alternateName\":\"Maier\",\"potentialAction\":[{\"@type\":\"SearchAction\",\"target\":{\"@type\":\"EntryPoint\",\"urlTemplate\":\"https:\/\/www.griferiasmaier.com\/en\/?s={search_term_string}\"},\"query-input\":{\"@type\":\"PropertyValueSpecification\",\"valueRequired\":true,\"valueName\":\"search_term_string\"}}],\"inLanguage\":\"en-US\"},{\"@type\":\"Organization\",\"@id\":\"https:\/\/www.griferiasmaier.com\/en\/#organization\",\"name\":\"Grifer\u00edas Maier, S.L.\",\"url\":\"https:\/\/www.griferiasmaier.com\/en\/\",\"logo\":{\"@type\":\"ImageObject\",\"inLanguage\":\"en-US\",\"@id\":\"https:\/\/www.griferiasmaier.com\/en\/#\/schema\/logo\/image\/\",\"url\":\"https:\/\/www.griferiasmaier.com\/wp-content\/uploads\/2019\/01\/maier_logo_b.png\",\"contentUrl\":\"https:\/\/www.griferiasmaier.com\/wp-content\/uploads\/2019\/01\/maier_logo_b.png\",\"width\":740,\"height\":125,\"caption\":\"Grifer\u00edas Maier, S.L.\"},\"image\":{\"@id\":\"https:\/\/www.griferiasmaier.com\/en\/#\/schema\/logo\/image\/\"},\"sameAs\":[\"https:\/\/www.facebook.com\/MaierGriferias\/\",\"https:\/\/x.com\/MaierGriferias\",\"https:\/\/www.linkedin.com\/company\/griferias-maier-s.l.\",\"https:\/\/www.instagram.com\/maiergriferias\/\",\"https:\/\/www.pinterest.es\/griferiasmaier\/\"]}]}<\/script>\n<!-- \/ Yoast SEO plugin. -->","yoast_head_json":{"title":"ACCESSORIES - Griferias Maier","description":"Accesorios para ba\u00f1os Maier, \u00faltimas novedades, toalleros, portarrollos, perchas, dispensadores, espejos, portaescobillas, cubos de ba\u00f1o","robots":{"index":"index","follow":"follow","max-snippet":"max-snippet:-1","max-image-preview":"max-image-preview:large","max-video-preview":"max-video-preview:-1"},"canonical":"https:\/\/www.griferiasmaier.com\/en\/collections\/04_accessories\/","og_locale":"en_US","og_type":"article","og_title":"ACCESSORIES - Griferias Maier","og_description":"Accesorios para ba\u00f1os Maier, \u00faltimas novedades, toalleros, portarrollos, perchas, dispensadores, espejos, portaescobillas, cubos de ba\u00f1o","og_url":"https:\/\/www.griferiasmaier.com\/en\/collections\/04_accessories\/","og_site_name":"Griferias Maier","article_publisher":"https:\/\/www.facebook.com\/MaierGriferias\/","article_modified_time":"2025-06-13T12:00:01+00:00","og_image":[{"width":1200,"height":675,"url":"https:\/\/www.griferiasmaier.com\/wp-content\/uploads\/2023\/02\/griferiasmaier-website-1.jpg","type":"image\/jpeg"}],"twitter_card":"summary_large_image","twitter_site":"@MaierGriferias","twitter_misc":{"Est. reading time":"1 minute"},"schema":{"@context":"https:\/\/schema.org","@graph":[{"@type":"WebPage","@id":"https:\/\/www.griferiasmaier.com\/en\/collections\/04_accessories\/","url":"https:\/\/www.griferiasmaier.com\/en\/collections\/04_accessories\/","name":"ACCESSORIES - Griferias Maier","isPartOf":{"@id":"https:\/\/www.griferiasmaier.com\/en\/#website"},"datePublished":"2019-01-21T13:14:28+00:00","dateModified":"2025-06-13T12:00:01+00:00","description":"Accesorios para ba\u00f1os Maier, \u00faltimas novedades, toalleros, portarrollos, perchas, dispensadores, espejos, portaescobillas, cubos de ba\u00f1o","breadcrumb":{"@id":"https:\/\/www.griferiasmaier.com\/en\/collections\/04_accessories\/#breadcrumb"},"inLanguage":"en-US","potentialAction":[{"@type":"ReadAction","target":["https:\/\/www.griferiasmaier.com\/en\/collections\/04_accessories\/"]}]},{"@type":"BreadcrumbList","@id":"https:\/\/www.griferiasmaier.com\/en\/collections\/04_accessories\/#breadcrumb","itemListElement":[{"@type":"ListItem","position":1,"name":"Portada","item":"https:\/\/www.griferiasmaier.com\/en\/"},{"@type":"ListItem","position":2,"name":"Collections","item":"https:\/\/www.griferiasmaier.com\/en\/collections\/"},{"@type":"ListItem","position":3,"name":"ACCESSORIES"}]},{"@type":"WebSite","@id":"https:\/\/www.griferiasmaier.com\/en\/#website","url":"https:\/\/www.griferiasmaier.com\/en\/","name":"Griferias Maier","description":"Fabricaci\u00f3n de grifer\u00eda sanitaria, cocina y accesorios de ba\u00f1o de calidad. Premium bathroom designs","publisher":{"@id":"https:\/\/www.griferiasmaier.com\/en\/#organization"},"alternateName":"Maier","potentialAction":[{"@type":"SearchAction","target":{"@type":"EntryPoint","urlTemplate":"https:\/\/www.griferiasmaier.com\/en\/?s={search_term_string}"},"query-input":{"@type":"PropertyValueSpecification","valueRequired":true,"valueName":"search_term_string"}}],"inLanguage":"en-US"},{"@type":"Organization","@id":"https:\/\/www.griferiasmaier.com\/en\/#organization","name":"Grifer\u00edas Maier, S.L.","url":"https:\/\/www.griferiasmaier.com\/en\/","logo":{"@type":"ImageObject","inLanguage":"en-US","@id":"https:\/\/www.griferiasmaier.com\/en\/#\/schema\/logo\/image\/","url":"https:\/\/www.griferiasmaier.com\/wp-content\/uploads\/2019\/01\/maier_logo_b.png","contentUrl":"https:\/\/www.griferiasmaier.com\/wp-content\/uploads\/2019\/01\/maier_logo_b.png","width":740,"height":125,"caption":"Grifer\u00edas Maier, S.L."},"image":{"@id":"https:\/\/www.griferiasmaier.com\/en\/#\/schema\/logo\/image\/"},"sameAs":["https:\/\/www.facebook.com\/MaierGriferias\/","https:\/\/x.com\/MaierGriferias","https:\/\/www.linkedin.com\/company\/griferias-maier-s.l.","https:\/\/www.instagram.com\/maiergriferias\/","https:\/\/www.pinterest.es\/griferiasmaier\/"]}]}},"_links":{"self":[{"href":"https:\/\/www.griferiasmaier.com\/en\/wp-json\/wp\/v2\/pages\/22941","targetHints":{"allow":["GET"]}}],"collection":[{"href":"https:\/\/www.griferiasmaier.com\/en\/wp-json\/wp\/v2\/pages"}],"about":[{"href":"https:\/\/www.griferiasmaier.com\/en\/wp-json\/wp\/v2\/types\/page"}],"author":[{"embeddable":true,"href":"https:\/\/www.griferiasmaier.com\/en\/wp-json\/wp\/v2\/users\/2"}],"replies":[{"embeddable":true,"href":"https:\/\/www.griferiasmaier.com\/en\/wp-json\/wp\/v2\/comments?post=22941"}],"version-history":[{"count":8,"href":"https:\/\/www.griferiasmaier.com\/en\/wp-json\/wp\/v2\/pages\/22941\/revisions"}],"predecessor-version":[{"id":25449,"href":"https:\/\/www.griferiasmaier.com\/en\/wp-json\/wp\/v2\/pages\/22941\/revisions\/25449"}],"up":[{"embeddable":true,"href":"https:\/\/www.griferiasmaier.com\/en\/wp-json\/wp\/v2\/pages\/22939"}],"wp:attachment":[{"href":"https:\/\/www.griferiasmaier.com\/en\/wp-json\/wp\/v2\/media?parent=22941"}],"curies":[{"name":"wp","href":"https:\/\/api.w.org\/{rel}","templated":true}]}}