{"id":22949,"date":"2017-08-08T10:09:37","date_gmt":"2017-08-08T10:09:37","guid":{"rendered":"https:\/\/www.griferiasmaier.com\/contacto\/"},"modified":"2025-01-24T17:26:15","modified_gmt":"2025-01-24T17:26:15","slug":"contact","status":"publish","type":"page","link":"https:\/\/www.griferiasmaier.com\/en\/contact\/","title":{"rendered":"Contact"},"content":{"rendered":"<section class=\"wpb-content-wrapper\"><section class=\"vc_row wpb_row vc_row-fluid  vc_custom_1548092527386 vc_column-gap-30 vc_row-o-equal-height vc_row-flex\"><div class=\"wpb_column vc_column_container vc_col-has-fill vc_col-sm-6  col-xs-mobile-fullwidth\"><div class=\"vc_column-inner vc_custom_1548092417093\"><div class=\"wpb_wrapper\">[vc_icon type=&#8221;linecons&#8221; icon_linecons=&#8221;vc_li vc_li-location&#8221; color=&#8221;white&#8221;][vc_custom_heading text=&#8221;Barcelona&#8221; font_container=&#8221;tag:h5|text_align:left|color:%23ffffff&#8221; use_theme_fonts=&#8221;yes&#8221;]<div class=\"vc_row wpb_row vc_inner vc_row-fluid\"><div class=\"wpb_column vc_column_container vc_col-sm-6  col-xs-mobile-fullwidth\"><div class=\"vc_column-inner \"><div class=\"wpb_wrapper\"><div class=\"text-white last-paragraph-no-margin\"><p>Ronda Santa Eul\u00e0lia 37, nave 12<br \/>\nParc Industrial Pallej\u00e0 1.<br \/>\n08780 PALLEJ\u00c0 &#8211; Barcelona &#8211; SPAIN.<\/p>\n<\/div><\/div><\/div><\/div><div class=\"wpb_column vc_column_container vc_col-sm-6  col-xs-mobile-fullwidth\"><div class=\"vc_column-inner \"><div class=\"wpb_wrapper\"><div class=\"text-white last-paragraph-no-margin\"><p><strong>T:<\/strong> <a style=\"color: #daa520;\" href=\"tel:+34936633333\">+34 93 663 33 33<\/a><br \/>\n<strong>F:<\/strong> <a style=\"color: #daa520;\" href=\"tel:+34936633334\">+34 93 663 33 34<\/a><br \/>\n<strong>E: <\/strong><a style=\"color: #daa520;\" href=\"mailto:info@griferiasmaier.com\">info@griferiasmaier.com<\/a><\/p>\n<\/div><\/div><\/div><\/div><\/div><div class=\"vc_row wpb_row vc_inner vc_row-fluid\"><div class=\"wpb_column vc_column_container vc_col-sm-12  col-xs-mobile-fullwidth\"><div class=\"vc_column-inner \"><div class=\"wpb_wrapper\">[vc_single_image image=&#8221;24842&#8243; img_size=&#8221;full&#8221; alignment=&#8221;center&#8221; onclick=&#8221;custom_link&#8221; img_link_target=&#8221;_blank&#8221; link=&#8221;https:\/\/maps.google.com\/maps?ll=41.417867,2.001&#038;z=15&#038;t=m&#038;hl=es-ES&#038;gl=US&#038;mapclient=embed&#038;cid=12610502821021448114&#8243;]<\/div><\/div><\/div><\/div><\/div><\/div><\/div><div class=\"wpb_column vc_column_container vc_col-sm-6  col-xs-mobile-fullwidth\"><div class=\"vc_column-inner \"><div class=\"wpb_wrapper\">\n<div class=\"wpcf7 no-js\" id=\"wpcf7-f25034-o1\" lang=\"es-ES\" dir=\"ltr\" data-wpcf7-id=\"25034\">\n<div class=\"screen-reader-response\"><p role=\"status\" aria-live=\"polite\" aria-atomic=\"true\"><\/p> <ul><\/ul><\/div>\n<form action=\"\/en\/wp-json\/wp\/v2\/pages\/22949#wpcf7-f25034-o1\" method=\"post\" class=\"wpcf7-form init\" aria-label=\"Formulario de contacto\" novalidate=\"novalidate\" data-status=\"init\">\n<fieldset class=\"hidden-fields-container\"><input type=\"hidden\" name=\"_wpcf7\" value=\"25034\" \/><input type=\"hidden\" name=\"_wpcf7_version\" value=\"6.1.1\" \/><input type=\"hidden\" name=\"_wpcf7_locale\" value=\"es_ES\" \/><input type=\"hidden\" name=\"_wpcf7_unit_tag\" value=\"wpcf7-f25034-o1\" \/><input type=\"hidden\" name=\"_wpcf7_container_post\" value=\"0\" \/><input type=\"hidden\" name=\"_wpcf7_posted_data_hash\" value=\"\" \/>\n<\/fieldset>\n<p><span class=\"wpcf7-form-control-wrap\" data-name=\"your-name\"><input size=\"40\" maxlength=\"400\" class=\"wpcf7-form-control wpcf7-text wpcf7-validates-as-required\" aria-required=\"true\" aria-invalid=\"false\" placeholder=\"Name*\" value=\"\" type=\"text\" name=\"your-name\" \/><\/span>\n<\/p>\n<p><span class=\"wpcf7-form-control-wrap\" data-name=\"your-email\"><input size=\"40\" maxlength=\"400\" class=\"wpcf7-form-control wpcf7-email wpcf7-validates-as-required wpcf7-text wpcf7-validates-as-email\" aria-required=\"true\" aria-invalid=\"false\" placeholder=\"Email*\" value=\"\" type=\"email\" name=\"your-email\" \/><\/span>\n<\/p>\n<p><span class=\"wpcf7-form-control-wrap\" data-name=\"tel-646\"><input size=\"40\" maxlength=\"400\" class=\"wpcf7-form-control wpcf7-tel wpcf7-validates-as-required wpcf7-text wpcf7-validates-as-tel\" aria-required=\"true\" aria-invalid=\"false\" placeholder=\"Phone*\" value=\"\" type=\"tel\" name=\"tel-646\" \/><\/span>\n<\/p>\n<p><span class=\"wpcf7-form-control-wrap\" data-name=\"your-message\"><textarea cols=\"40\" rows=\"5\" maxlength=\"2000\" class=\"wpcf7-form-control wpcf7-textarea\" aria-invalid=\"false\" placeholder=\"Message\" name=\"your-message\"><\/textarea><\/span>\n<\/p>\n<p><span class=\"wpcf7-form-control-wrap\" data-name=\"acceptance-367\"><span class=\"wpcf7-form-control wpcf7-acceptance\"><span class=\"wpcf7-list-item\"><label><input type=\"checkbox\" name=\"acceptance-367\" value=\"1\" aria-invalid=\"false\" \/><span class=\"wpcf7-list-item-label\">I have read and accept the<a href=\"\/avisos-legales\"> terms of use<\/a> and <a href=\"\/politica-de-privacidad\">privacy policy.<\/a><\/span><\/label><\/span><\/span><\/span><br \/>\n<div class=\"wpcf7-response-output\" aria-hidden=\"true\"><\/div><br \/>\n<input class=\"wpcf7-form-control wpcf7-submit has-spinner\" type=\"submit\" value=\"Send message\" \/>\n<\/p>\n<\/form>\n<\/div>\n<\/div><\/div><\/div><\/section>\n<\/section>","protected":false},"excerpt":{"rendered":"[vc_icon type=\"linecons\" icon_linecons=\"vc_li vc_li-location\" color=\"white\"][vc_custom_heading text=\"Barcelona\" font_container=\"tag:h5|text_align:left|color:%23ffffff\" use_theme_fonts=\"yes\"]Ronda Santa Eul\u00e0lia 37, nave 12 Parc Industrial Pallej\u00e0 1. 08780 PALLEJ\u00c0 - Barcelona - SPAIN. T: +34 93 663 33 33 F: +34 93 663 33 34 E: info@griferiasmaier.com [vc_single_image image=\"24842\" img_size=\"full\" alignment=\"center\" onclick=\"custom_link\" img_link_target=\"_blank\" link=\"https:\/\/maps.google.com\/maps?ll=41.417867,2.001&z=15&t=m&hl=es-ES&gl=US&mapclient=embed&cid=12610502821021448114\"] I have read and accept the terms of use and privacy policy.","protected":false},"author":2,"featured_media":0,"parent":0,"menu_order":0,"comment_status":"closed","ping_status":"closed","template":"","meta":{"_joinchat":[],"footnotes":""},"class_list":["post-22949","page","type-page","status-publish","hentry"],"yoast_head":"<!-- This site is optimized with the Yoast SEO plugin v25.9 - https:\/\/yoast.com\/wordpress\/plugins\/seo\/ -->\n<title>Contact - Griferias Maier<\/title>\n<meta name=\"robots\" content=\"index, follow, max-snippet:-1, max-image-preview:large, max-video-preview:-1\" \/>\n<link rel=\"canonical\" href=\"https:\/\/www.griferiasmaier.com\/en\/contact\/\" \/>\n<meta property=\"og:locale\" content=\"en_US\" \/>\n<meta property=\"og:type\" content=\"article\" \/>\n<meta property=\"og:title\" content=\"Contact - Griferias Maier\" \/>\n<meta property=\"og:url\" content=\"https:\/\/www.griferiasmaier.com\/en\/contact\/\" \/>\n<meta property=\"og:site_name\" content=\"Griferias Maier\" \/>\n<meta property=\"article:publisher\" content=\"https:\/\/www.facebook.com\/MaierGriferias\/\" \/>\n<meta property=\"article:modified_time\" content=\"2025-01-24T17:26:15+00:00\" \/>\n<meta property=\"og:image\" content=\"https:\/\/www.griferiasmaier.com\/wp-content\/uploads\/2023\/02\/griferiasmaier-website-1.jpg\" \/>\n\t<meta property=\"og:image:width\" content=\"1200\" \/>\n\t<meta property=\"og:image:height\" content=\"675\" \/>\n\t<meta property=\"og:image:type\" content=\"image\/jpeg\" \/>\n<meta name=\"twitter:card\" content=\"summary_large_image\" \/>\n<meta name=\"twitter:site\" content=\"@MaierGriferias\" \/>\n<meta name=\"twitter:label1\" content=\"Est. reading time\" \/>\n\t<meta name=\"twitter:data1\" content=\"1 minute\" \/>\n<script type=\"application\/ld+json\" class=\"yoast-schema-graph\">{\"@context\":\"https:\/\/schema.org\",\"@graph\":[{\"@type\":\"WebPage\",\"@id\":\"https:\/\/www.griferiasmaier.com\/en\/contact\/\",\"url\":\"https:\/\/www.griferiasmaier.com\/en\/contact\/\",\"name\":\"Contact - Griferias Maier\",\"isPartOf\":{\"@id\":\"https:\/\/www.griferiasmaier.com\/en\/#website\"},\"datePublished\":\"2017-08-08T10:09:37+00:00\",\"dateModified\":\"2025-01-24T17:26:15+00:00\",\"breadcrumb\":{\"@id\":\"https:\/\/www.griferiasmaier.com\/en\/contact\/#breadcrumb\"},\"inLanguage\":\"en-US\",\"potentialAction\":[{\"@type\":\"ReadAction\",\"target\":[\"https:\/\/www.griferiasmaier.com\/en\/contact\/\"]}]},{\"@type\":\"BreadcrumbList\",\"@id\":\"https:\/\/www.griferiasmaier.com\/en\/contact\/#breadcrumb\",\"itemListElement\":[{\"@type\":\"ListItem\",\"position\":1,\"name\":\"Portada\",\"item\":\"https:\/\/www.griferiasmaier.com\/en\/\"},{\"@type\":\"ListItem\",\"position\":2,\"name\":\"Contact\"}]},{\"@type\":\"WebSite\",\"@id\":\"https:\/\/www.griferiasmaier.com\/en\/#website\",\"url\":\"https:\/\/www.griferiasmaier.com\/en\/\",\"name\":\"Griferias Maier\",\"description\":\"Fabricaci\u00f3n de grifer\u00eda sanitaria, cocina y accesorios de ba\u00f1o de calidad. Premium bathroom designs\",\"publisher\":{\"@id\":\"https:\/\/www.griferiasmaier.com\/en\/#organization\"},\"alternateName\":\"Maier\",\"potentialAction\":[{\"@type\":\"SearchAction\",\"target\":{\"@type\":\"EntryPoint\",\"urlTemplate\":\"https:\/\/www.griferiasmaier.com\/en\/?s={search_term_string}\"},\"query-input\":{\"@type\":\"PropertyValueSpecification\",\"valueRequired\":true,\"valueName\":\"search_term_string\"}}],\"inLanguage\":\"en-US\"},{\"@type\":\"Organization\",\"@id\":\"https:\/\/www.griferiasmaier.com\/en\/#organization\",\"name\":\"Grifer\u00edas Maier, S.L.\",\"url\":\"https:\/\/www.griferiasmaier.com\/en\/\",\"logo\":{\"@type\":\"ImageObject\",\"inLanguage\":\"en-US\",\"@id\":\"https:\/\/www.griferiasmaier.com\/en\/#\/schema\/logo\/image\/\",\"url\":\"https:\/\/www.griferiasmaier.com\/wp-content\/uploads\/2019\/01\/maier_logo_b.png\",\"contentUrl\":\"https:\/\/www.griferiasmaier.com\/wp-content\/uploads\/2019\/01\/maier_logo_b.png\",\"width\":740,\"height\":125,\"caption\":\"Grifer\u00edas Maier, S.L.\"},\"image\":{\"@id\":\"https:\/\/www.griferiasmaier.com\/en\/#\/schema\/logo\/image\/\"},\"sameAs\":[\"https:\/\/www.facebook.com\/MaierGriferias\/\",\"https:\/\/x.com\/MaierGriferias\",\"https:\/\/www.linkedin.com\/company\/griferias-maier-s.l.\",\"https:\/\/www.instagram.com\/maiergriferias\/\",\"https:\/\/www.pinterest.es\/griferiasmaier\/\"]}]}<\/script>\n<!-- \/ Yoast SEO plugin. -->","yoast_head_json":{"title":"Contact - Griferias Maier","robots":{"index":"index","follow":"follow","max-snippet":"max-snippet:-1","max-image-preview":"max-image-preview:large","max-video-preview":"max-video-preview:-1"},"canonical":"https:\/\/www.griferiasmaier.com\/en\/contact\/","og_locale":"en_US","og_type":"article","og_title":"Contact - Griferias Maier","og_url":"https:\/\/www.griferiasmaier.com\/en\/contact\/","og_site_name":"Griferias Maier","article_publisher":"https:\/\/www.facebook.com\/MaierGriferias\/","article_modified_time":"2025-01-24T17:26:15+00:00","og_image":[{"width":1200,"height":675,"url":"https:\/\/www.griferiasmaier.com\/wp-content\/uploads\/2023\/02\/griferiasmaier-website-1.jpg","type":"image\/jpeg"}],"twitter_card":"summary_large_image","twitter_site":"@MaierGriferias","twitter_misc":{"Est. reading time":"1 minute"},"schema":{"@context":"https:\/\/schema.org","@graph":[{"@type":"WebPage","@id":"https:\/\/www.griferiasmaier.com\/en\/contact\/","url":"https:\/\/www.griferiasmaier.com\/en\/contact\/","name":"Contact - Griferias Maier","isPartOf":{"@id":"https:\/\/www.griferiasmaier.com\/en\/#website"},"datePublished":"2017-08-08T10:09:37+00:00","dateModified":"2025-01-24T17:26:15+00:00","breadcrumb":{"@id":"https:\/\/www.griferiasmaier.com\/en\/contact\/#breadcrumb"},"inLanguage":"en-US","potentialAction":[{"@type":"ReadAction","target":["https:\/\/www.griferiasmaier.com\/en\/contact\/"]}]},{"@type":"BreadcrumbList","@id":"https:\/\/www.griferiasmaier.com\/en\/contact\/#breadcrumb","itemListElement":[{"@type":"ListItem","position":1,"name":"Portada","item":"https:\/\/www.griferiasmaier.com\/en\/"},{"@type":"ListItem","position":2,"name":"Contact"}]},{"@type":"WebSite","@id":"https:\/\/www.griferiasmaier.com\/en\/#website","url":"https:\/\/www.griferiasmaier.com\/en\/","name":"Griferias Maier","description":"Fabricaci\u00f3n de grifer\u00eda sanitaria, cocina y accesorios de ba\u00f1o de calidad. Premium bathroom designs","publisher":{"@id":"https:\/\/www.griferiasmaier.com\/en\/#organization"},"alternateName":"Maier","potentialAction":[{"@type":"SearchAction","target":{"@type":"EntryPoint","urlTemplate":"https:\/\/www.griferiasmaier.com\/en\/?s={search_term_string}"},"query-input":{"@type":"PropertyValueSpecification","valueRequired":true,"valueName":"search_term_string"}}],"inLanguage":"en-US"},{"@type":"Organization","@id":"https:\/\/www.griferiasmaier.com\/en\/#organization","name":"Grifer\u00edas Maier, S.L.","url":"https:\/\/www.griferiasmaier.com\/en\/","logo":{"@type":"ImageObject","inLanguage":"en-US","@id":"https:\/\/www.griferiasmaier.com\/en\/#\/schema\/logo\/image\/","url":"https:\/\/www.griferiasmaier.com\/wp-content\/uploads\/2019\/01\/maier_logo_b.png","contentUrl":"https:\/\/www.griferiasmaier.com\/wp-content\/uploads\/2019\/01\/maier_logo_b.png","width":740,"height":125,"caption":"Grifer\u00edas Maier, S.L."},"image":{"@id":"https:\/\/www.griferiasmaier.com\/en\/#\/schema\/logo\/image\/"},"sameAs":["https:\/\/www.facebook.com\/MaierGriferias\/","https:\/\/x.com\/MaierGriferias","https:\/\/www.linkedin.com\/company\/griferias-maier-s.l.","https:\/\/www.instagram.com\/maiergriferias\/","https:\/\/www.pinterest.es\/griferiasmaier\/"]}]}},"_links":{"self":[{"href":"https:\/\/www.griferiasmaier.com\/en\/wp-json\/wp\/v2\/pages\/22949","targetHints":{"allow":["GET"]}}],"collection":[{"href":"https:\/\/www.griferiasmaier.com\/en\/wp-json\/wp\/v2\/pages"}],"about":[{"href":"https:\/\/www.griferiasmaier.com\/en\/wp-json\/wp\/v2\/types\/page"}],"author":[{"embeddable":true,"href":"https:\/\/www.griferiasmaier.com\/en\/wp-json\/wp\/v2\/users\/2"}],"replies":[{"embeddable":true,"href":"https:\/\/www.griferiasmaier.com\/en\/wp-json\/wp\/v2\/comments?post=22949"}],"version-history":[{"count":10,"href":"https:\/\/www.griferiasmaier.com\/en\/wp-json\/wp\/v2\/pages\/22949\/revisions"}],"predecessor-version":[{"id":25039,"href":"https:\/\/www.griferiasmaier.com\/en\/wp-json\/wp\/v2\/pages\/22949\/revisions\/25039"}],"wp:attachment":[{"href":"https:\/\/www.griferiasmaier.com\/en\/wp-json\/wp\/v2\/media?parent=22949"}],"curies":[{"name":"wp","href":"https:\/\/api.w.org\/{rel}","templated":true}]}}