{"id":22951,"date":"2019-01-15T10:58:07","date_gmt":"2019-01-15T10:58:07","guid":{"rendered":"https:\/\/www.griferiasmaier.com\/downloads\/"},"modified":"2026-02-20T11:31:41","modified_gmt":"2026-02-20T11:31:41","slug":"downloads","status":"publish","type":"page","link":"https:\/\/www.griferiasmaier.com\/en\/downloads\/","title":{"rendered":"Downloads"},"content":{"rendered":"<section class=\"wpb-content-wrapper\"><section class=\"vc_row wpb_row vc_row-fluid  vc_custom_1722776701498\"><div class=\"wpb_column vc_column_container vc_col-sm-12  col-xs-mobile-fullwidth\"><div class=\"vc_column-inner \"><div class=\"wpb_wrapper\"><div class=\"last-paragraph-no-margin\"><p style=\"text-align: center;\">At <strong>Maier<\/strong> we are committed to <strong>design<\/strong> and <strong>reliability<\/strong>, a formula driven by our <strong>passion<\/strong> for <strong>excellence<\/strong> and guaranteed by three generations of <strong>experience<\/strong>. <strong>Exclusive<\/strong> collections designed by <strong>Maier<\/strong> decorate bathrooms and kitchens in leading hotels and residences in more than <strong>60 countries<\/strong>.<\/p>\n<\/div><\/div><\/div><\/div><\/section><section data-vc-full-width=\"true\" data-vc-full-width-init=\"false\" class=\"vc_row wpb_row vc_row-fluid   wow fadeIn pofo-stretch-content pofo-stretch-row-container\"><div class=\"wpb_column vc_column_container vc_col-sm-6  col-xs-mobile-fullwidth\"><div class=\"vc_column-inner \"><div class=\"wpb_wrapper\"><div class=\"vc_row wpb_row vc_inner vc_row-fluid   vc_row-o-equal-height vc_row-o-content-top vc_row-flex\"><div class=\"wpb_column vc_column_container vc_col-sm-12 vc_col-md-5 vc_col-xs-12 wow fadeInLeft text-center pofo-column-responsive-69f108f1593f2\"><div class=\"vc_column-inner \"><div class=\"wpb_wrapper\">[vc_single_image image=&#8221;25737&#8243; img_size=&#8221;full&#8221; alignment=&#8221;center&#8221; style=&#8221;vc_box_rounded&#8221;]<\/div><\/div><\/div><div class=\"wpb_column vc_column_container vc_col-sm-12 vc_col-md-7 vc_col-xs-12 wow fadeInRight sm-text-center pofo-column-responsive-69f108f159499\"><div class=\"vc_column-inner vc_custom_1507545381822\"><div class=\"wpb_wrapper\"><div class=\"text-medium-gray text-small margin-5px-bottom alt-font heading-style4  vc_custom_1548086651350  heading-1\"  style=\"font-size: 16px; line-height: 23px; color: #ff214f;\" data-fontsize=\"16px\" data-lineheight=\"23px\">Pdf<\/div><h6 class=\"text-extra-dark-gray margin-20px-bottom font-weight-600 display-inline-block alt-font heading-style2  heading-2\"  style=\"font-weight: 500;\">General Catalogue 2025<\/h6><a  href=\"https:\/\/www.griferiasmaier.com\/Download\/MAIER_GeneralCatalogue_2025.pdf\" target=\"_blank\" class=\"btn pofo-button-1 display-block md-display-block sm-display-block xs-display-block button-style5  btn-dark-gray btn-rounded  btn-small   vc_custom_1771585838531\" ><i class=\"fa-solid fa-play-circle icon-very-small  margin-5px-right no-margin-left\" aria-hidden=\"true\"><\/i>Download catalogue<\/a>[vc_empty_space height=&#8221;64px&#8221;]<\/div><\/div><\/div><\/div><\/div><\/div><\/div><div class=\"wpb_column vc_column_container vc_col-sm-6  col-xs-mobile-fullwidth\"><div class=\"vc_column-inner \"><div class=\"wpb_wrapper\"><div class=\"vc_row wpb_row vc_inner vc_row-fluid   vc_row-o-equal-height vc_row-o-content-top vc_row-flex\"><div class=\"wpb_column vc_column_container vc_col-sm-12 vc_col-md-5 vc_col-xs-12 wow fadeInLeft text-center pofo-column-responsive-69f108f1596f2\"><div class=\"vc_column-inner \"><div class=\"wpb_wrapper\">[vc_single_image image=&#8221;25733&#8243; img_size=&#8221;full&#8221; alignment=&#8221;center&#8221; style=&#8221;vc_box_rounded&#8221;]<\/div><\/div><\/div><div class=\"wpb_column vc_column_container vc_col-sm-12 vc_col-md-7 vc_col-xs-12 wow fadeInRight sm-text-center pofo-column-responsive-69f108f159755\"><div class=\"vc_column-inner vc_custom_1507545381822\"><div class=\"wpb_wrapper\"><div class=\"text-medium-gray text-small margin-5px-bottom alt-font heading-style4  vc_custom_1548086651350  heading-3\"  style=\"font-size: 16px; line-height: 23px; color: #ff214f;\" data-fontsize=\"16px\" data-lineheight=\"23px\">Pdf<\/div><h6 class=\"text-extra-dark-gray margin-20px-bottom font-weight-600 display-inline-block alt-font heading-style2  heading-4\"  style=\"font-weight: 500;\">Clodette Collection Catalogue 2025<\/h6><a  href=\"https:\/\/www.griferiasmaier.com\/Download\/MAIER_GeneralCatalogue_2025_CLODETTE_LR.pdf\" target=\"_blank\" class=\"btn pofo-button-2 display-block md-display-block sm-display-block xs-display-block button-style5  btn-dark-gray btn-rounded  btn-small   vc_custom_1771585930150\" ><i class=\"fa-solid fa-play-circle icon-very-small  margin-5px-right no-margin-left\" aria-hidden=\"true\"><\/i>Download catalogue<\/a>[vc_empty_space height=&#8221;64px&#8221;]<\/div><\/div><\/div><\/div><\/div><\/div><\/div><\/section><div class=\"vc_row-full-width vc_clearfix\"><\/div><section data-vc-full-width=\"true\" data-vc-full-width-init=\"false\" class=\"vc_row wpb_row vc_row-fluid  vc_custom_1771585963595 wow fadeIn pofo-stretch-content pofo-stretch-row-container pofo-row-responsive-69f108f1598cf\"><div class=\"wpb_column vc_column_container vc_col-sm-6  col-xs-mobile-fullwidth\"><div class=\"vc_column-inner \"><div class=\"wpb_wrapper\"><div class=\"vc_row wpb_row vc_inner vc_row-fluid   vc_row-o-equal-height vc_row-o-content-top vc_row-flex\"><div class=\"wpb_column vc_column_container vc_col-sm-12 vc_col-md-5 vc_col-xs-12 wow fadeInLeft text-center pofo-column-responsive-69f108f159a2d\"><div class=\"vc_column-inner \"><div class=\"wpb_wrapper\">[vc_single_image image=&#8221;25739&#8243; img_size=&#8221;full&#8221; alignment=&#8221;center&#8221; style=&#8221;vc_box_rounded&#8221;]<\/div><\/div><\/div><div class=\"wpb_column vc_column_container vc_col-sm-12 vc_col-md-7 vc_col-xs-12 wow fadeInRight sm-text-center pofo-column-responsive-69f108f159ab0\"><div class=\"vc_column-inner vc_custom_1507545381822\"><div class=\"wpb_wrapper\"><div class=\"text-medium-gray text-small margin-5px-bottom alt-font heading-style4  vc_custom_1548086651350  heading-5\"  style=\"font-size: 16px; line-height: 23px; color: #ff214f;\" data-fontsize=\"16px\" data-lineheight=\"23px\">Pdf<\/div><h6 class=\"text-extra-dark-gray margin-20px-bottom font-weight-600 display-inline-block alt-font heading-style2  heading-6\"  style=\"font-weight: 500;\">New Collections 2024<\/h6>[vc_empty_space height=&#8221;30px&#8221;]<a  href=\"https:\/\/www.griferiasmaier.com\/Download\/MAIER_New%20Collections_2024.pdf\" target=\"_blank\" class=\"btn pofo-button-3 display-block md-display-block sm-display-block xs-display-block button-style5  btn-dark-gray btn-rounded  btn-small   vc_custom_1771586039494\" ><i class=\"fa-solid fa-play-circle icon-very-small  margin-5px-right no-margin-left\" aria-hidden=\"true\"><\/i>Download catalogue<\/a>[vc_empty_space height=&#8221;64px&#8221;]<\/div><\/div><\/div><\/div><\/div><\/div><\/div><div class=\"wpb_column vc_column_container vc_col-sm-6  col-xs-mobile-fullwidth\"><div class=\"vc_column-inner \"><div class=\"wpb_wrapper\"><div class=\"vc_row wpb_row vc_inner vc_row-fluid   vc_row-o-equal-height vc_row-o-content-top vc_row-flex\"><div class=\"wpb_column vc_column_container vc_col-sm-12 vc_col-md-5 vc_col-xs-12 wow fadeInLeft text-center pofo-column-responsive-69f108f159d46\"><div class=\"vc_column-inner \"><div class=\"wpb_wrapper\">[vc_single_image image=&#8221;25750&#8243; img_size=&#8221;full&#8221; alignment=&#8221;center&#8221; style=&#8221;vc_box_rounded&#8221;]<\/div><\/div><\/div><div class=\"wpb_column vc_column_container vc_col-sm-12 vc_col-md-7 vc_col-xs-12 wow fadeInRight sm-text-center pofo-column-responsive-69f108f159db1\"><div class=\"vc_column-inner vc_custom_1507545381822\"><div class=\"wpb_wrapper\"><div class=\"text-medium-gray text-small margin-5px-bottom alt-font heading-style4  vc_custom_1548086651350  heading-7\"  style=\"font-size: 16px; line-height: 23px; color: #ff214f;\" data-fontsize=\"16px\" data-lineheight=\"23px\">Pdf<\/div><h6 class=\"text-extra-dark-gray margin-20px-bottom font-weight-600 display-inline-block alt-font heading-style2  heading-8\"  style=\"font-weight: 500;\">Price List 2025<\/h6>[vc_empty_space height=&#8221;30px&#8221;]<a class=\"popup-form-1 btn-medium btn btn-rounded btn-transparent-dark-gray wow fadeInDown popup-with-form pofo-button-4\" href=\"#popup-form-1771585717\" style=\"background-color:#232323;  color:#ffffff;  border-color:#232323; \">Request prices<\/a><div id=\"popup-form-1771585717\" class=\" col-lg-3 col-md-6 col-xs-mobile-fullwidth white-popup-block mfp-hide center-col bg-white border-radius-6 padding-four-half-all md-padding-seven-all\">\n<div class=\"wpcf7 no-js\" id=\"wpcf7-f25767-o1\" lang=\"es-ES\" dir=\"ltr\" data-wpcf7-id=\"25767\">\n<div class=\"screen-reader-response\"><p role=\"status\" aria-live=\"polite\" aria-atomic=\"true\"><\/p> <ul><\/ul><\/div>\n<form action=\"\/en\/wp-json\/wp\/v2\/pages\/22951#wpcf7-f25767-o1\" method=\"post\" class=\"wpcf7-form init\" aria-label=\"Formulario de contacto\" novalidate=\"novalidate\" data-status=\"init\">\n<fieldset class=\"hidden-fields-container\"><input type=\"hidden\" name=\"_wpcf7\" value=\"25767\" \/><input type=\"hidden\" name=\"_wpcf7_version\" value=\"6.1.1\" \/><input type=\"hidden\" name=\"_wpcf7_locale\" value=\"es_ES\" \/><input type=\"hidden\" name=\"_wpcf7_unit_tag\" value=\"wpcf7-f25767-o1\" \/><input type=\"hidden\" name=\"_wpcf7_container_post\" value=\"0\" \/><input type=\"hidden\" name=\"_wpcf7_posted_data_hash\" value=\"\" \/>\n<\/fieldset>\n<p>Fill out the form below so our team can send you the price list.\n<\/p>\n<p><span class=\"wpcf7-form-control-wrap\" data-name=\"your-name\"><input size=\"40\" maxlength=\"400\" class=\"wpcf7-form-control wpcf7-text wpcf7-validates-as-required\" aria-required=\"true\" aria-invalid=\"false\" placeholder=\"Name*\" value=\"\" type=\"text\" name=\"your-name\" \/><\/span>\n<\/p>\n<p><span class=\"wpcf7-form-control-wrap\" data-name=\"your-email\"><input size=\"40\" maxlength=\"400\" class=\"wpcf7-form-control wpcf7-email wpcf7-validates-as-required wpcf7-text wpcf7-validates-as-email\" aria-required=\"true\" aria-invalid=\"false\" placeholder=\"Email*\" value=\"\" type=\"email\" name=\"your-email\" \/><\/span>\n<\/p>\n<p><span class=\"wpcf7-form-control-wrap\" data-name=\"tel-646\"><input size=\"40\" maxlength=\"400\" class=\"wpcf7-form-control wpcf7-tel wpcf7-validates-as-required wpcf7-text wpcf7-validates-as-tel\" aria-required=\"true\" aria-invalid=\"false\" placeholder=\"Phone Number*\" value=\"\" type=\"tel\" name=\"tel-646\" \/><\/span>\n<\/p>\n<p><span class=\"wpcf7-form-control-wrap\" data-name=\"your-message\"><textarea cols=\"40\" rows=\"5\" maxlength=\"2000\" class=\"wpcf7-form-control wpcf7-textarea\" aria-invalid=\"false\" placeholder=\"Message\" name=\"your-message\"><\/textarea><\/span>\n<\/p>\n<p><span class=\"wpcf7-form-control-wrap\" data-name=\"acceptance-367\"><span class=\"wpcf7-form-control wpcf7-acceptance\"><span class=\"wpcf7-list-item\"><label><input type=\"checkbox\" name=\"acceptance-367\" value=\"1\" aria-invalid=\"false\" \/><span class=\"wpcf7-list-item-label\">I have read and agree to the <a href=\"\/avisos-legales\">Conditions of Use<\/a> and the <a href=\"\/politica-de-privacidad\">Privacy Policy.<\/a><\/span><\/label><\/span><\/span><\/span><br \/>\n<div class=\"wpcf7-response-output\" aria-hidden=\"true\"><\/div><br \/>\n<input class=\"wpcf7-form-control wpcf7-submit has-spinner\" type=\"submit\" value=\"Request Prices\" \/>\n<\/p>\n<\/form>\n<\/div>\n<\/div><\/div><\/div><\/div><\/div><\/div><\/div><\/div><\/section><div class=\"vc_row-full-width vc_clearfix\"><\/div>\n<\/section>","protected":false},"excerpt":{"rendered":"At Maier we are committed to design and reliability, a formula driven by our passion for excellence and guaranteed by three generations of experience. Exclusive collections designed by Maier decorate bathrooms and kitchens in leading hotels and residences in more than 60 countries. [vc_single_image image=\"25737\" img_size=\"full\" alignment=\"center\" style=\"vc_box_rounded\"]PdfGeneral Catalogue 2025Download catalogue[vc_empty_space height=\"64px\"][vc_single_image image=\"25733\" img_size=\"full\" alignment=\"center\" style=\"vc_box_rounded\"]PdfClodette Collection Catalogue 2025Download catalogue[vc_empty_space height=\"64px\"][vc_single_image image=\"25739\" img_size=\"full\" alignment=\"center\" style=\"vc_box_rounded\"]PdfNew Collections 2024[vc_empty_space height=\"30px\"]Download catalogue[vc_empty_space height=\"64px\"][vc_single_image image=\"25750\" img_size=\"full\" alignment=\"center\" style=\"vc_box_rounded\"]PdfPrice List 2025[vc_empty_space height=\"30px\"]Request prices Fill out the form below so our team can send you the price list. I have read and agree to the Conditions of Use and the Privacy Policy.","protected":false},"author":2,"featured_media":0,"parent":0,"menu_order":0,"comment_status":"closed","ping_status":"closed","template":"","meta":{"_joinchat":[],"footnotes":""},"class_list":["post-22951","page","type-page","status-publish","hentry"],"yoast_head":"<!-- This site is optimized with the Yoast SEO plugin v25.9 - https:\/\/yoast.com\/wordpress\/plugins\/seo\/ -->\n<title>Downloads - Griferias Maier<\/title>\n<meta name=\"robots\" content=\"index, follow, max-snippet:-1, max-image-preview:large, max-video-preview:-1\" \/>\n<link rel=\"canonical\" href=\"https:\/\/www.griferiasmaier.com\/en\/downloads\/\" \/>\n<meta property=\"og:locale\" content=\"en_US\" \/>\n<meta property=\"og:type\" content=\"article\" \/>\n<meta property=\"og:title\" content=\"Downloads - Griferias Maier\" \/>\n<meta property=\"og:url\" content=\"https:\/\/www.griferiasmaier.com\/en\/downloads\/\" \/>\n<meta property=\"og:site_name\" content=\"Griferias Maier\" \/>\n<meta property=\"article:publisher\" content=\"https:\/\/www.facebook.com\/MaierGriferias\/\" \/>\n<meta property=\"article:modified_time\" content=\"2026-02-20T11:31:41+00:00\" \/>\n<meta property=\"og:image\" content=\"https:\/\/www.griferiasmaier.com\/wp-content\/uploads\/2023\/02\/griferiasmaier-website-1.jpg\" \/>\n\t<meta property=\"og:image:width\" content=\"1200\" \/>\n\t<meta property=\"og:image:height\" content=\"675\" \/>\n\t<meta property=\"og:image:type\" content=\"image\/jpeg\" \/>\n<meta name=\"twitter:card\" content=\"summary_large_image\" \/>\n<meta name=\"twitter:site\" content=\"@MaierGriferias\" \/>\n<meta name=\"twitter:label1\" content=\"Est. reading time\" \/>\n\t<meta name=\"twitter:data1\" content=\"3 minutes\" \/>\n<script type=\"application\/ld+json\" class=\"yoast-schema-graph\">{\"@context\":\"https:\/\/schema.org\",\"@graph\":[{\"@type\":\"WebPage\",\"@id\":\"https:\/\/www.griferiasmaier.com\/en\/downloads\/\",\"url\":\"https:\/\/www.griferiasmaier.com\/en\/downloads\/\",\"name\":\"Downloads - Griferias Maier\",\"isPartOf\":{\"@id\":\"https:\/\/www.griferiasmaier.com\/en\/#website\"},\"datePublished\":\"2019-01-15T10:58:07+00:00\",\"dateModified\":\"2026-02-20T11:31:41+00:00\",\"breadcrumb\":{\"@id\":\"https:\/\/www.griferiasmaier.com\/en\/downloads\/#breadcrumb\"},\"inLanguage\":\"en-US\",\"potentialAction\":[{\"@type\":\"ReadAction\",\"target\":[\"https:\/\/www.griferiasmaier.com\/en\/downloads\/\"]}]},{\"@type\":\"BreadcrumbList\",\"@id\":\"https:\/\/www.griferiasmaier.com\/en\/downloads\/#breadcrumb\",\"itemListElement\":[{\"@type\":\"ListItem\",\"position\":1,\"name\":\"Portada\",\"item\":\"https:\/\/www.griferiasmaier.com\/en\/\"},{\"@type\":\"ListItem\",\"position\":2,\"name\":\"Downloads\"}]},{\"@type\":\"WebSite\",\"@id\":\"https:\/\/www.griferiasmaier.com\/en\/#website\",\"url\":\"https:\/\/www.griferiasmaier.com\/en\/\",\"name\":\"Griferias Maier\",\"description\":\"Fabricaci\u00f3n de grifer\u00eda sanitaria, cocina y accesorios de ba\u00f1o de calidad. Premium bathroom designs\",\"publisher\":{\"@id\":\"https:\/\/www.griferiasmaier.com\/en\/#organization\"},\"alternateName\":\"Maier\",\"potentialAction\":[{\"@type\":\"SearchAction\",\"target\":{\"@type\":\"EntryPoint\",\"urlTemplate\":\"https:\/\/www.griferiasmaier.com\/en\/?s={search_term_string}\"},\"query-input\":{\"@type\":\"PropertyValueSpecification\",\"valueRequired\":true,\"valueName\":\"search_term_string\"}}],\"inLanguage\":\"en-US\"},{\"@type\":\"Organization\",\"@id\":\"https:\/\/www.griferiasmaier.com\/en\/#organization\",\"name\":\"Grifer\u00edas Maier, S.L.\",\"url\":\"https:\/\/www.griferiasmaier.com\/en\/\",\"logo\":{\"@type\":\"ImageObject\",\"inLanguage\":\"en-US\",\"@id\":\"https:\/\/www.griferiasmaier.com\/en\/#\/schema\/logo\/image\/\",\"url\":\"https:\/\/www.griferiasmaier.com\/wp-content\/uploads\/2019\/01\/maier_logo_b.png\",\"contentUrl\":\"https:\/\/www.griferiasmaier.com\/wp-content\/uploads\/2019\/01\/maier_logo_b.png\",\"width\":740,\"height\":125,\"caption\":\"Grifer\u00edas Maier, S.L.\"},\"image\":{\"@id\":\"https:\/\/www.griferiasmaier.com\/en\/#\/schema\/logo\/image\/\"},\"sameAs\":[\"https:\/\/www.facebook.com\/MaierGriferias\/\",\"https:\/\/x.com\/MaierGriferias\",\"https:\/\/www.linkedin.com\/company\/griferias-maier-s.l.\",\"https:\/\/www.instagram.com\/maiergriferias\/\",\"https:\/\/www.pinterest.es\/griferiasmaier\/\"]}]}<\/script>\n<!-- \/ Yoast SEO plugin. -->","yoast_head_json":{"title":"Downloads - Griferias Maier","robots":{"index":"index","follow":"follow","max-snippet":"max-snippet:-1","max-image-preview":"max-image-preview:large","max-video-preview":"max-video-preview:-1"},"canonical":"https:\/\/www.griferiasmaier.com\/en\/downloads\/","og_locale":"en_US","og_type":"article","og_title":"Downloads - Griferias Maier","og_url":"https:\/\/www.griferiasmaier.com\/en\/downloads\/","og_site_name":"Griferias Maier","article_publisher":"https:\/\/www.facebook.com\/MaierGriferias\/","article_modified_time":"2026-02-20T11:31:41+00:00","og_image":[{"width":1200,"height":675,"url":"https:\/\/www.griferiasmaier.com\/wp-content\/uploads\/2023\/02\/griferiasmaier-website-1.jpg","type":"image\/jpeg"}],"twitter_card":"summary_large_image","twitter_site":"@MaierGriferias","twitter_misc":{"Est. reading time":"3 minutes"},"schema":{"@context":"https:\/\/schema.org","@graph":[{"@type":"WebPage","@id":"https:\/\/www.griferiasmaier.com\/en\/downloads\/","url":"https:\/\/www.griferiasmaier.com\/en\/downloads\/","name":"Downloads - Griferias Maier","isPartOf":{"@id":"https:\/\/www.griferiasmaier.com\/en\/#website"},"datePublished":"2019-01-15T10:58:07+00:00","dateModified":"2026-02-20T11:31:41+00:00","breadcrumb":{"@id":"https:\/\/www.griferiasmaier.com\/en\/downloads\/#breadcrumb"},"inLanguage":"en-US","potentialAction":[{"@type":"ReadAction","target":["https:\/\/www.griferiasmaier.com\/en\/downloads\/"]}]},{"@type":"BreadcrumbList","@id":"https:\/\/www.griferiasmaier.com\/en\/downloads\/#breadcrumb","itemListElement":[{"@type":"ListItem","position":1,"name":"Portada","item":"https:\/\/www.griferiasmaier.com\/en\/"},{"@type":"ListItem","position":2,"name":"Downloads"}]},{"@type":"WebSite","@id":"https:\/\/www.griferiasmaier.com\/en\/#website","url":"https:\/\/www.griferiasmaier.com\/en\/","name":"Griferias Maier","description":"Fabricaci\u00f3n de grifer\u00eda sanitaria, cocina y accesorios de ba\u00f1o de calidad. Premium bathroom designs","publisher":{"@id":"https:\/\/www.griferiasmaier.com\/en\/#organization"},"alternateName":"Maier","potentialAction":[{"@type":"SearchAction","target":{"@type":"EntryPoint","urlTemplate":"https:\/\/www.griferiasmaier.com\/en\/?s={search_term_string}"},"query-input":{"@type":"PropertyValueSpecification","valueRequired":true,"valueName":"search_term_string"}}],"inLanguage":"en-US"},{"@type":"Organization","@id":"https:\/\/www.griferiasmaier.com\/en\/#organization","name":"Grifer\u00edas Maier, S.L.","url":"https:\/\/www.griferiasmaier.com\/en\/","logo":{"@type":"ImageObject","inLanguage":"en-US","@id":"https:\/\/www.griferiasmaier.com\/en\/#\/schema\/logo\/image\/","url":"https:\/\/www.griferiasmaier.com\/wp-content\/uploads\/2019\/01\/maier_logo_b.png","contentUrl":"https:\/\/www.griferiasmaier.com\/wp-content\/uploads\/2019\/01\/maier_logo_b.png","width":740,"height":125,"caption":"Grifer\u00edas Maier, S.L."},"image":{"@id":"https:\/\/www.griferiasmaier.com\/en\/#\/schema\/logo\/image\/"},"sameAs":["https:\/\/www.facebook.com\/MaierGriferias\/","https:\/\/x.com\/MaierGriferias","https:\/\/www.linkedin.com\/company\/griferias-maier-s.l.","https:\/\/www.instagram.com\/maiergriferias\/","https:\/\/www.pinterest.es\/griferiasmaier\/"]}]}},"_links":{"self":[{"href":"https:\/\/www.griferiasmaier.com\/en\/wp-json\/wp\/v2\/pages\/22951","targetHints":{"allow":["GET"]}}],"collection":[{"href":"https:\/\/www.griferiasmaier.com\/en\/wp-json\/wp\/v2\/pages"}],"about":[{"href":"https:\/\/www.griferiasmaier.com\/en\/wp-json\/wp\/v2\/types\/page"}],"author":[{"embeddable":true,"href":"https:\/\/www.griferiasmaier.com\/en\/wp-json\/wp\/v2\/users\/2"}],"replies":[{"embeddable":true,"href":"https:\/\/www.griferiasmaier.com\/en\/wp-json\/wp\/v2\/comments?post=22951"}],"version-history":[{"count":39,"href":"https:\/\/www.griferiasmaier.com\/en\/wp-json\/wp\/v2\/pages\/22951\/revisions"}],"predecessor-version":[{"id":25768,"href":"https:\/\/www.griferiasmaier.com\/en\/wp-json\/wp\/v2\/pages\/22951\/revisions\/25768"}],"wp:attachment":[{"href":"https:\/\/www.griferiasmaier.com\/en\/wp-json\/wp\/v2\/media?parent=22951"}],"curies":[{"name":"wp","href":"https:\/\/api.w.org\/{rel}","templated":true}]}}