{"id":22957,"date":"2017-08-08T08:59:12","date_gmt":"2017-08-08T08:59:12","guid":{"rendered":"https:\/\/www.griferiasmaier.com\/news\/"},"modified":"2025-01-24T17:16:23","modified_gmt":"2025-01-24T17:16:23","slug":"news","status":"publish","type":"page","link":"https:\/\/www.griferiasmaier.com\/en\/news\/","title":{"rendered":"News"},"content":{"rendered":"<section class=\"wpb-content-wrapper\"><section class=\"vc_row wpb_row vc_row-fluid\"><div class=\"wpb_column vc_column_container vc_col-sm-12  col-xs-mobile-fullwidth\"><div class=\"vc_column-inner \"><div class=\"wpb_wrapper\"><div class=\"pofo-blog-grid\"><div class=\"col-3-nth-item gutter-medium blog-post-gutter\"><div class=\"blog-post-style3 blog-style4-1 padding-7px-all col-md-4 col-sm-6 col-xs-12 \"><div class=\"post-24479 post type-post status-publish format-standard has-post-thumbnail hentry category-uncategorized\"><div class=\"grid-item\"><div class=\"blog-post bg-light-gray inner-match-height\"><div class=\"blog-post-images overflow-hidden position-relative text-center\"><a href=\"https:\/\/www.griferiasmaier.com\/en\/salone-del-mobile-milano-2024\/\"><img loading=\"lazy\" decoding=\"async\" width=\"360\" height=\"257\" src=\"https:\/\/www.griferiasmaier.com\/wp-content\/uploads\/2024\/02\/MAIIsa24_Proyecto-Isaloni-2024_2-360x257.jpg\" class=\"attachment-pofo-related-post-thumb size-pofo-related-post-thumb wp-post-image\" alt=\"Salone del Mobile \u2013 Milano 2024\" title=\"\" srcset=\"https:\/\/www.griferiasmaier.com\/wp-content\/uploads\/2024\/02\/MAIIsa24_Proyecto-Isaloni-2024_2-360x257.jpg 360w, https:\/\/www.griferiasmaier.com\/wp-content\/uploads\/2024\/02\/MAIIsa24_Proyecto-Isaloni-2024_2-300x214.jpg 300w, https:\/\/www.griferiasmaier.com\/wp-content\/uploads\/2024\/02\/MAIIsa24_Proyecto-Isaloni-2024_2-1024x730.jpg 1024w, https:\/\/www.griferiasmaier.com\/wp-content\/uploads\/2024\/02\/MAIIsa24_Proyecto-Isaloni-2024_2-768x548.jpg 768w, https:\/\/www.griferiasmaier.com\/wp-content\/uploads\/2024\/02\/MAIIsa24_Proyecto-Isaloni-2024_2-1536x1095.jpg 1536w, https:\/\/www.griferiasmaier.com\/wp-content\/uploads\/2024\/02\/MAIIsa24_Proyecto-Isaloni-2024_2-1081x771.jpg 1081w, https:\/\/www.griferiasmaier.com\/wp-content\/uploads\/2024\/02\/MAIIsa24_Proyecto-Isaloni-2024_2-120x86.jpg 120w, https:\/\/www.griferiasmaier.com\/wp-content\/uploads\/2024\/02\/MAIIsa24_Proyecto-Isaloni-2024_2-81x58.jpg 81w, https:\/\/www.griferiasmaier.com\/wp-content\/uploads\/2024\/02\/MAIIsa24_Proyecto-Isaloni-2024_2.jpg 1920w\" sizes=\"auto, (max-width: 360px) 100vw, 360px\" \/><div class=\"blog-hover-icon\"><span class=\"text-extra-large font-weight-300\">+<\/span><\/div><\/a><\/div><div class=\"post-details padding-ten-all sm-padding-20px-all xs-text-center\"><div class=\"blog-hover-color\"><\/div><a class=\"alt-font post-title text-medium text-extra-dark-gray display-block entry-title text-uppercase\" href=\"https:\/\/www.griferiasmaier.com\/en\/salone-del-mobile-milano-2024\/\">Salone del Mobile &#8211; Milano 2024<\/a><div class=\"entry-content no-margin-bottom margin-15px-top\">We proudly announce our participation as exhibitor at the prestigious Salone del Mobile in Milano, location Pav. 6 \u2013 B34. Unveiling the new 316L made with stainless less, we believe our newest creations will captivate you. &nbsp;<\/div><div class=\"separator-line-horrizontal-full bg-medium-gray margin-20px-top sm-margin-15px-top\"><\/div><div class=\"author text-extra-small text-medium-gray display-block margin-20px-top sm-margin-15px-top\"><span class=\"text-medium-gray text-extra-small display-inline-block text-uppercase\"><span class=\"pofo-blog-post-meta text-extra-small text-medium-gray display-inline-block published vertical-align-middle\">27 February 2024<\/span><time class=\"updated display-none\" datetime=\"2024-02-28T10:04:30+00:00\">28 February 2024<\/time><\/span><\/div><\/div><\/div><\/div><\/div><\/div><div class=\"blog-post-style3 blog-style4-2 padding-7px-all col-md-4 col-sm-6 col-xs-12 \"><div class=\"post-24473 post type-post status-publish format-standard has-post-thumbnail hentry category-uncategorized\"><div class=\"grid-item\"><div class=\"blog-post bg-light-gray inner-match-height\"><div class=\"blog-post-images overflow-hidden position-relative text-center\"><a href=\"https:\/\/www.griferiasmaier.com\/en\/cevisama-2024\/\"><img loading=\"lazy\" decoding=\"async\" width=\"360\" height=\"257\" src=\"https:\/\/www.griferiasmaier.com\/wp-content\/uploads\/2024\/02\/CEVISAMA-2024-360x257.jpg\" class=\"attachment-pofo-related-post-thumb size-pofo-related-post-thumb wp-post-image\" alt=\"\" title=\"\" \/><div class=\"blog-hover-icon\"><span class=\"text-extra-large font-weight-300\">+<\/span><\/div><\/a><\/div><div class=\"post-details padding-ten-all sm-padding-20px-all xs-text-center\"><div class=\"blog-hover-color\"><\/div><a class=\"alt-font post-title text-medium text-extra-dark-gray display-block entry-title text-uppercase\" href=\"https:\/\/www.griferiasmaier.com\/en\/cevisama-2024\/\">CEVISAMA 2024<\/a><div class=\"entry-content no-margin-bottom margin-15px-top\">We are thrilled to announce our participation in Cevisama! Join us to unveil our latest 316L collection made with Stainless Steel. See you there! Location: Level 3. Pavillion 1. Stand CT19 &nbsp;<\/div><div class=\"separator-line-horrizontal-full bg-medium-gray margin-20px-top sm-margin-15px-top\"><\/div><div class=\"author text-extra-small text-medium-gray display-block margin-20px-top sm-margin-15px-top\"><span class=\"text-medium-gray text-extra-small display-inline-block text-uppercase\"><span class=\"pofo-blog-post-meta text-extra-small text-medium-gray display-inline-block published vertical-align-middle\">27 February 2024<\/span><time class=\"updated display-none\" datetime=\"2024-02-27T13:13:54+00:00\">27 February 2024<\/time><\/span><\/div><\/div><\/div><\/div><\/div><\/div><div class=\"blog-post-style3 blog-style4-3 padding-7px-all col-md-4 col-sm-6 col-xs-12 \"><div class=\"post-23211 post type-post status-publish format-standard has-post-thumbnail hentry category-uncategorized\"><div class=\"grid-item\"><div class=\"blog-post bg-light-gray inner-match-height\"><div class=\"blog-post-images overflow-hidden position-relative text-center\"><a href=\"https:\/\/www.griferiasmaier.com\/en\/ish-2023\/\"><img loading=\"lazy\" decoding=\"async\" width=\"360\" height=\"257\" src=\"https:\/\/www.griferiasmaier.com\/wp-content\/uploads\/2023\/01\/ISH-2023-360x257.jpg\" class=\"attachment-pofo-related-post-thumb size-pofo-related-post-thumb wp-post-image\" alt=\"\" title=\"\" \/><div class=\"blog-hover-icon\"><span class=\"text-extra-large font-weight-300\">+<\/span><\/div><\/a><\/div><div class=\"post-details padding-ten-all sm-padding-20px-all xs-text-center\"><div class=\"blog-hover-color\"><\/div><a class=\"alt-font post-title text-medium text-extra-dark-gray display-block entry-title text-uppercase\" href=\"https:\/\/www.griferiasmaier.com\/en\/ish-2023\/\">ISH 2023<\/a><div class=\"entry-content no-margin-bottom margin-15px-top\">Find us in Hall 4.1 Stand B21<\/div><div class=\"separator-line-horrizontal-full bg-medium-gray margin-20px-top sm-margin-15px-top\"><\/div><div class=\"author text-extra-small text-medium-gray display-block margin-20px-top sm-margin-15px-top\"><span class=\"text-medium-gray text-extra-small display-inline-block text-uppercase\"><span class=\"pofo-blog-post-meta text-extra-small text-medium-gray display-inline-block published vertical-align-middle\">18 January 2023<\/span><time class=\"updated display-none\" datetime=\"2025-02-25T10:05:46+00:00\">25 February 2025<\/time><\/span><\/div><\/div><\/div><\/div><\/div><\/div><div class=\"blog-post-style3 blog-style4-4 padding-7px-all col-md-4 col-sm-6 col-xs-12 \"><div class=\"post-23207 post type-post status-publish format-standard has-post-thumbnail hentry category-uncategorized\"><div class=\"grid-item\"><div class=\"blog-post bg-light-gray inner-match-height\"><div class=\"blog-post-images overflow-hidden position-relative text-center\"><a href=\"https:\/\/www.griferiasmaier.com\/en\/cevisama-2023\/\"><img loading=\"lazy\" decoding=\"async\" width=\"360\" height=\"257\" src=\"https:\/\/www.griferiasmaier.com\/wp-content\/uploads\/2023\/01\/stand_Cevisama_2023-360x257.jpg\" class=\"attachment-pofo-related-post-thumb size-pofo-related-post-thumb wp-post-image\" alt=\"\" title=\"\" \/><div class=\"blog-hover-icon\"><span class=\"text-extra-large font-weight-300\">+<\/span><\/div><\/a><\/div><div class=\"post-details padding-ten-all sm-padding-20px-all xs-text-center\"><div class=\"blog-hover-color\"><\/div><a class=\"alt-font post-title text-medium text-extra-dark-gray display-block entry-title text-uppercase\" href=\"https:\/\/www.griferiasmaier.com\/en\/cevisama-2023\/\">CEVISAMA 2023<\/a><div class=\"entry-content no-margin-bottom margin-15px-top\">Find us in N3 P2 \u2013 STAND B37<\/div><div class=\"separator-line-horrizontal-full bg-medium-gray margin-20px-top sm-margin-15px-top\"><\/div><div class=\"author text-extra-small text-medium-gray display-block margin-20px-top sm-margin-15px-top\"><span class=\"text-medium-gray text-extra-small display-inline-block text-uppercase\"><span class=\"pofo-blog-post-meta text-extra-small text-medium-gray display-inline-block published vertical-align-middle\">18 January 2023<\/span><time class=\"updated display-none\" datetime=\"2023-01-18T12:58:50+00:00\">18 January 2023<\/time><\/span><\/div><\/div><\/div><\/div><\/div><\/div><div class=\"blog-post-style3 blog-style4-5 padding-7px-all col-md-4 col-sm-6 col-xs-12 \"><div class=\"post-22874 post type-post status-publish format-standard has-post-thumbnail hentry category-uncategorized\"><div class=\"grid-item\"><div class=\"blog-post bg-light-gray inner-match-height\"><div class=\"blog-post-images overflow-hidden position-relative text-center\"><a href=\"https:\/\/www.griferiasmaier.com\/en\/cevisama-2020\/\"><img loading=\"lazy\" decoding=\"async\" width=\"360\" height=\"257\" src=\"https:\/\/www.griferiasmaier.com\/wp-content\/uploads\/2020\/01\/maier_at_cevisama_2020-360x257.png\" class=\"attachment-pofo-related-post-thumb size-pofo-related-post-thumb wp-post-image\" alt=\"\" title=\"\" \/><div class=\"blog-hover-icon\"><span class=\"text-extra-large font-weight-300\">+<\/span><\/div><\/a><\/div><div class=\"post-details padding-ten-all sm-padding-20px-all xs-text-center\"><div class=\"blog-hover-color\"><\/div><a class=\"alt-font post-title text-medium text-extra-dark-gray display-block entry-title text-uppercase\" href=\"https:\/\/www.griferiasmaier.com\/en\/cevisama-2020\/\">CEVISAMA 2020<\/a><div class=\"entry-content no-margin-bottom margin-15px-top\">G1 is unveiled at Cevisama 2020. But there are still more news to discover. Find us in N2 P4 \u2013 STAND B11<\/div><div class=\"separator-line-horrizontal-full bg-medium-gray margin-20px-top sm-margin-15px-top\"><\/div><div class=\"author text-extra-small text-medium-gray display-block margin-20px-top sm-margin-15px-top\"><span class=\"text-medium-gray text-extra-small display-inline-block text-uppercase\"><span class=\"pofo-blog-post-meta text-extra-small text-medium-gray display-inline-block published vertical-align-middle\">29 January 2020<\/span><time class=\"updated display-none\" datetime=\"2020-01-29T15:14:20+00:00\">29 January 2020<\/time><\/span><\/div><\/div><\/div><\/div><\/div><\/div><div class=\"blog-post-style3 blog-style4-6 padding-7px-all col-md-4 col-sm-6 col-xs-12 \"><div class=\"post-22875 post type-post status-publish format-standard has-post-thumbnail hentry category-uncategorized\"><div class=\"grid-item\"><div class=\"blog-post bg-light-gray inner-match-height\"><div class=\"blog-post-images overflow-hidden position-relative text-center\"><a href=\"https:\/\/www.griferiasmaier.com\/en\/cevisama-2019\/\"><img loading=\"lazy\" decoding=\"async\" width=\"360\" height=\"257\" src=\"https:\/\/www.griferiasmaier.com\/wp-content\/uploads\/2017\/08\/maier_expo-360x257.jpg\" class=\"attachment-pofo-related-post-thumb size-pofo-related-post-thumb wp-post-image\" alt=\"\" title=\"\" \/><div class=\"blog-hover-icon\"><span class=\"text-extra-large font-weight-300\">+<\/span><\/div><\/a><\/div><div class=\"post-details padding-ten-all sm-padding-20px-all xs-text-center\"><div class=\"blog-hover-color\"><\/div><a class=\"alt-font post-title text-medium text-extra-dark-gray display-block entry-title text-uppercase\" href=\"https:\/\/www.griferiasmaier.com\/en\/cevisama-2019\/\">CEVISAMA 2019<\/a><div class=\"entry-content no-margin-bottom margin-15px-top\">Skulpture and Cylinder, new collections at Cevisama 2019. &nbsp; Find us in new location N2 P4 \u2013 STAND B11 &nbsp; GET FREE TICKET<\/div><div class=\"separator-line-horrizontal-full bg-medium-gray margin-20px-top sm-margin-15px-top\"><\/div><div class=\"author text-extra-small text-medium-gray display-block margin-20px-top sm-margin-15px-top\"><span class=\"text-medium-gray text-extra-small display-inline-block text-uppercase\"><span class=\"pofo-blog-post-meta text-extra-small text-medium-gray display-inline-block published vertical-align-middle\">18 August 2017<\/span><time class=\"updated display-none\" datetime=\"2017-08-18T06:22:16+00:00\">18 August 2017<\/time><\/span><\/div><\/div><\/div><\/div><\/div><\/div><\/div><\/div><\/div><\/div><\/div><\/section>\n<\/section>","protected":false},"excerpt":{"rendered":"Skulpture and Cylinder, new collections at Cevisama 2019. &nbsp; Find us in new location N2 P4 \u2013 STAND B11 &nbsp; GET FREE TICKET","protected":false},"author":2,"featured_media":0,"parent":0,"menu_order":0,"comment_status":"closed","ping_status":"closed","template":"","meta":{"_joinchat":[],"footnotes":""},"class_list":["post-22957","page","type-page","status-publish","hentry"],"yoast_head":"<!-- This site is optimized with the Yoast SEO plugin v25.9 - https:\/\/yoast.com\/wordpress\/plugins\/seo\/ -->\n<title>News - Griferias Maier<\/title>\n<meta name=\"robots\" content=\"index, follow, max-snippet:-1, max-image-preview:large, max-video-preview:-1\" \/>\n<link rel=\"canonical\" href=\"https:\/\/www.griferiasmaier.com\/en\/news\/\" \/>\n<meta property=\"og:locale\" content=\"en_US\" \/>\n<meta property=\"og:type\" content=\"article\" \/>\n<meta property=\"og:title\" content=\"News - Griferias Maier\" \/>\n<meta property=\"og:url\" content=\"https:\/\/www.griferiasmaier.com\/en\/news\/\" \/>\n<meta property=\"og:site_name\" content=\"Griferias Maier\" \/>\n<meta property=\"article:publisher\" content=\"https:\/\/www.facebook.com\/MaierGriferias\/\" \/>\n<meta property=\"article:modified_time\" content=\"2025-01-24T17:16:23+00:00\" \/>\n<meta property=\"og:image\" content=\"https:\/\/www.griferiasmaier.com\/wp-content\/uploads\/2023\/02\/griferiasmaier-website-1.jpg\" \/>\n\t<meta property=\"og:image:width\" content=\"1200\" \/>\n\t<meta property=\"og:image:height\" content=\"675\" \/>\n\t<meta property=\"og:image:type\" content=\"image\/jpeg\" \/>\n<meta name=\"twitter:card\" content=\"summary_large_image\" \/>\n<meta name=\"twitter:site\" content=\"@MaierGriferias\" \/>\n<meta name=\"twitter:label1\" content=\"Est. reading time\" \/>\n\t<meta name=\"twitter:data1\" content=\"1 minute\" \/>\n<script type=\"application\/ld+json\" class=\"yoast-schema-graph\">{\"@context\":\"https:\/\/schema.org\",\"@graph\":[{\"@type\":\"WebPage\",\"@id\":\"https:\/\/www.griferiasmaier.com\/en\/news\/\",\"url\":\"https:\/\/www.griferiasmaier.com\/en\/news\/\",\"name\":\"News - Griferias Maier\",\"isPartOf\":{\"@id\":\"https:\/\/www.griferiasmaier.com\/en\/#website\"},\"datePublished\":\"2017-08-08T08:59:12+00:00\",\"dateModified\":\"2025-01-24T17:16:23+00:00\",\"breadcrumb\":{\"@id\":\"https:\/\/www.griferiasmaier.com\/en\/news\/#breadcrumb\"},\"inLanguage\":\"en-US\",\"potentialAction\":[{\"@type\":\"ReadAction\",\"target\":[\"https:\/\/www.griferiasmaier.com\/en\/news\/\"]}]},{\"@type\":\"BreadcrumbList\",\"@id\":\"https:\/\/www.griferiasmaier.com\/en\/news\/#breadcrumb\",\"itemListElement\":[{\"@type\":\"ListItem\",\"position\":1,\"name\":\"Portada\",\"item\":\"https:\/\/www.griferiasmaier.com\/en\/\"},{\"@type\":\"ListItem\",\"position\":2,\"name\":\"News\"}]},{\"@type\":\"WebSite\",\"@id\":\"https:\/\/www.griferiasmaier.com\/en\/#website\",\"url\":\"https:\/\/www.griferiasmaier.com\/en\/\",\"name\":\"Griferias Maier\",\"description\":\"Fabricaci\u00f3n de grifer\u00eda sanitaria, cocina y accesorios de ba\u00f1o de calidad. Premium bathroom designs\",\"publisher\":{\"@id\":\"https:\/\/www.griferiasmaier.com\/en\/#organization\"},\"alternateName\":\"Maier\",\"potentialAction\":[{\"@type\":\"SearchAction\",\"target\":{\"@type\":\"EntryPoint\",\"urlTemplate\":\"https:\/\/www.griferiasmaier.com\/en\/?s={search_term_string}\"},\"query-input\":{\"@type\":\"PropertyValueSpecification\",\"valueRequired\":true,\"valueName\":\"search_term_string\"}}],\"inLanguage\":\"en-US\"},{\"@type\":\"Organization\",\"@id\":\"https:\/\/www.griferiasmaier.com\/en\/#organization\",\"name\":\"Grifer\u00edas Maier, S.L.\",\"url\":\"https:\/\/www.griferiasmaier.com\/en\/\",\"logo\":{\"@type\":\"ImageObject\",\"inLanguage\":\"en-US\",\"@id\":\"https:\/\/www.griferiasmaier.com\/en\/#\/schema\/logo\/image\/\",\"url\":\"https:\/\/www.griferiasmaier.com\/wp-content\/uploads\/2019\/01\/maier_logo_b.png\",\"contentUrl\":\"https:\/\/www.griferiasmaier.com\/wp-content\/uploads\/2019\/01\/maier_logo_b.png\",\"width\":740,\"height\":125,\"caption\":\"Grifer\u00edas Maier, S.L.\"},\"image\":{\"@id\":\"https:\/\/www.griferiasmaier.com\/en\/#\/schema\/logo\/image\/\"},\"sameAs\":[\"https:\/\/www.facebook.com\/MaierGriferias\/\",\"https:\/\/x.com\/MaierGriferias\",\"https:\/\/www.linkedin.com\/company\/griferias-maier-s.l.\",\"https:\/\/www.instagram.com\/maiergriferias\/\",\"https:\/\/www.pinterest.es\/griferiasmaier\/\"]}]}<\/script>\n<!-- \/ Yoast SEO plugin. -->","yoast_head_json":{"title":"News - Griferias Maier","robots":{"index":"index","follow":"follow","max-snippet":"max-snippet:-1","max-image-preview":"max-image-preview:large","max-video-preview":"max-video-preview:-1"},"canonical":"https:\/\/www.griferiasmaier.com\/en\/news\/","og_locale":"en_US","og_type":"article","og_title":"News - Griferias Maier","og_url":"https:\/\/www.griferiasmaier.com\/en\/news\/","og_site_name":"Griferias Maier","article_publisher":"https:\/\/www.facebook.com\/MaierGriferias\/","article_modified_time":"2025-01-24T17:16:23+00:00","og_image":[{"width":1200,"height":675,"url":"https:\/\/www.griferiasmaier.com\/wp-content\/uploads\/2023\/02\/griferiasmaier-website-1.jpg","type":"image\/jpeg"}],"twitter_card":"summary_large_image","twitter_site":"@MaierGriferias","twitter_misc":{"Est. reading time":"1 minute"},"schema":{"@context":"https:\/\/schema.org","@graph":[{"@type":"WebPage","@id":"https:\/\/www.griferiasmaier.com\/en\/news\/","url":"https:\/\/www.griferiasmaier.com\/en\/news\/","name":"News - Griferias Maier","isPartOf":{"@id":"https:\/\/www.griferiasmaier.com\/en\/#website"},"datePublished":"2017-08-08T08:59:12+00:00","dateModified":"2025-01-24T17:16:23+00:00","breadcrumb":{"@id":"https:\/\/www.griferiasmaier.com\/en\/news\/#breadcrumb"},"inLanguage":"en-US","potentialAction":[{"@type":"ReadAction","target":["https:\/\/www.griferiasmaier.com\/en\/news\/"]}]},{"@type":"BreadcrumbList","@id":"https:\/\/www.griferiasmaier.com\/en\/news\/#breadcrumb","itemListElement":[{"@type":"ListItem","position":1,"name":"Portada","item":"https:\/\/www.griferiasmaier.com\/en\/"},{"@type":"ListItem","position":2,"name":"News"}]},{"@type":"WebSite","@id":"https:\/\/www.griferiasmaier.com\/en\/#website","url":"https:\/\/www.griferiasmaier.com\/en\/","name":"Griferias Maier","description":"Fabricaci\u00f3n de grifer\u00eda sanitaria, cocina y accesorios de ba\u00f1o de calidad. Premium bathroom designs","publisher":{"@id":"https:\/\/www.griferiasmaier.com\/en\/#organization"},"alternateName":"Maier","potentialAction":[{"@type":"SearchAction","target":{"@type":"EntryPoint","urlTemplate":"https:\/\/www.griferiasmaier.com\/en\/?s={search_term_string}"},"query-input":{"@type":"PropertyValueSpecification","valueRequired":true,"valueName":"search_term_string"}}],"inLanguage":"en-US"},{"@type":"Organization","@id":"https:\/\/www.griferiasmaier.com\/en\/#organization","name":"Grifer\u00edas Maier, S.L.","url":"https:\/\/www.griferiasmaier.com\/en\/","logo":{"@type":"ImageObject","inLanguage":"en-US","@id":"https:\/\/www.griferiasmaier.com\/en\/#\/schema\/logo\/image\/","url":"https:\/\/www.griferiasmaier.com\/wp-content\/uploads\/2019\/01\/maier_logo_b.png","contentUrl":"https:\/\/www.griferiasmaier.com\/wp-content\/uploads\/2019\/01\/maier_logo_b.png","width":740,"height":125,"caption":"Grifer\u00edas Maier, S.L."},"image":{"@id":"https:\/\/www.griferiasmaier.com\/en\/#\/schema\/logo\/image\/"},"sameAs":["https:\/\/www.facebook.com\/MaierGriferias\/","https:\/\/x.com\/MaierGriferias","https:\/\/www.linkedin.com\/company\/griferias-maier-s.l.","https:\/\/www.instagram.com\/maiergriferias\/","https:\/\/www.pinterest.es\/griferiasmaier\/"]}]}},"_links":{"self":[{"href":"https:\/\/www.griferiasmaier.com\/en\/wp-json\/wp\/v2\/pages\/22957","targetHints":{"allow":["GET"]}}],"collection":[{"href":"https:\/\/www.griferiasmaier.com\/en\/wp-json\/wp\/v2\/pages"}],"about":[{"href":"https:\/\/www.griferiasmaier.com\/en\/wp-json\/wp\/v2\/types\/page"}],"author":[{"embeddable":true,"href":"https:\/\/www.griferiasmaier.com\/en\/wp-json\/wp\/v2\/users\/2"}],"replies":[{"embeddable":true,"href":"https:\/\/www.griferiasmaier.com\/en\/wp-json\/wp\/v2\/comments?post=22957"}],"version-history":[{"count":5,"href":"https:\/\/www.griferiasmaier.com\/en\/wp-json\/wp\/v2\/pages\/22957\/revisions"}],"predecessor-version":[{"id":25031,"href":"https:\/\/www.griferiasmaier.com\/en\/wp-json\/wp\/v2\/pages\/22957\/revisions\/25031"}],"wp:attachment":[{"href":"https:\/\/www.griferiasmaier.com\/en\/wp-json\/wp\/v2\/media?parent=22957"}],"curies":[{"name":"wp","href":"https:\/\/api.w.org\/{rel}","templated":true}]}}